{"id":6529,"date":"2026-01-08T11:50:26","date_gmt":"2026-01-08T08:50:26","guid":{"rendered":"https:\/\/demiroglumarble.com\/why-turkish-stone\/"},"modified":"2026-03-26T11:11:13","modified_gmt":"2026-03-26T08:11:13","slug":"neden-turk-tasi","status":"publish","type":"page","link":"https:\/\/demiroglumarble.com\/tr\/neden-turk-tasi\/","title":{"rendered":"Neden T\u00fcrk Ta\u015f\u0131?"},"content":{"rendered":"<div class=\"wpb-content-wrapper\"><p>[vc_row css_animation=&#8221;none&#8221; row_content_width=&#8221;grid&#8221; css=&#8221;.vc_custom_1767867822471{margin-top: 0px !important;margin-bottom: 45px !important;padding-top: 0px !important;}&#8221;][vc_column css_animation=&#8221;none&#8221; width=&#8221;1\/2&#8243; css=&#8221;.vc_custom_1767795906752{margin-top: 60px !important;}&#8221;][vc_column_text css=&#8221;&#8221;]<\/p>\n<h1 style=\"font-size: 38px; margin: 0 0 10px 0;\">NEDEN T\u00dcRK TA\u015eI?<\/h1>\n<p><strong>G\u00fczellik ve Kalitede K\u00fcresel Bir Standart<\/strong><br \/>\nT\u00fcrkiye; birinci s\u0131n\u0131f mermer, traverten, limestone ve oniks konusunda d\u00fcnyan\u0131n \u00f6nde gelen kaynaklar\u0131ndan biridir. Jeolojik \u00e7e\u015fitlili\u011finden i\u015f\u00e7ili\u011fine ve ihracat kabiliyetine kadar T\u00fcrk ta\u015f\u0131, k\u00fcresel mimari ve tasar\u0131mda sayg\u0131n bir yere sahiptir.<\/p>\n<h2 style=\"font-size: 25px; margin-bottom: 5px;\">E\u015eS\u0130Z \u00c7E\u015e\u0130TL\u0130L\u0130K<\/h2>\n<p>Zarif beyaz mermerlerden zengin travertenlere ve iddial\u0131 oniks olu\u015fumlar\u0131na kadar T\u00fcrkiye, ola\u011fan\u00fcst\u00fc bir do\u011fal ta\u015f t\u00fcr\u00fc ve renk yelpazesi sunar.<\/p>\n<h3 style=\"font-size: 20px; margin-bottom: 0;\">Y\u00dcKSEK KAL\u0130TE VE G\u00dc\u00c7L\u00dc YAPI<\/h3>\n<p><strong>T\u00fcrk mermeri ve traverteni \u015funlarla bilinir:<\/strong><\/p>\n<ul>\n<li>\u0130nce kristalle\u015fme<\/li>\n<li>Y\u00fcksek yo\u011funluk<\/li>\n<li>\u0130stikrarl\u0131 y\u00fczeyler<\/li>\n<li>M\u00fckemmel cilalanabilirlik<\/li>\n<li>Uzun vadeli dayan\u0131kl\u0131l\u0131k<\/li>\n<\/ul>\n<p>[\/vc_column_text][\/vc_column][vc_column css_animation=&#8221;fadeInRight&#8221; width=&#8221;1\/2&#8243;]<div class=\"edgtf-single-image-holder   \">\n    <div class=\"edgtf-si-inner\" >\n                                    <img loading=\"lazy\" decoding=\"async\" width=\"1080\" height=\"1080\" src=\"https:\/\/demiroglumarble.com\/wp-content\/uploads\/2026\/01\/factory-1.jpg\" class=\"attachment-full size-full\" alt=\"\" srcset=\"https:\/\/demiroglumarble.com\/wp-content\/uploads\/2026\/01\/factory-1.jpg 1080w, https:\/\/demiroglumarble.com\/wp-content\/uploads\/2026\/01\/factory-1-300x300.jpg 300w, https:\/\/demiroglumarble.com\/wp-content\/uploads\/2026\/01\/factory-1-1024x1024.jpg 1024w, https:\/\/demiroglumarble.com\/wp-content\/uploads\/2026\/01\/factory-1-150x150.jpg 150w, https:\/\/demiroglumarble.com\/wp-content\/uploads\/2026\/01\/factory-1-768x768.jpg 768w, https:\/\/demiroglumarble.com\/wp-content\/uploads\/2026\/01\/factory-1-550x550.jpg 550w\" sizes=\"auto, (max-width: 1080px) 100vw, 1080px\" \/>                        <\/div>\n<\/div>[\/vc_column][\/vc_row][vc_row gap=&#8221;35&#8243; equal_height=&#8221;yes&#8221; content_placement=&#8221;middle&#8221; row_content_width=&#8221;grid&#8221; el_class=&#8221;h-col-why-hg&#8221;][vc_column css_animation=&#8221;fadeInLeft&#8221; width=&#8221;1\/2&#8243;][vc_row_inner content_placement=&#8221;middle&#8221; css=&#8221;.vc_custom_1767868438005{padding-top: 5px !important;padding-right: 35px !important;padding-bottom: 50px !important;padding-left: 35px !important;background-color: #FFFFFF !important;}&#8221;][vc_column_inner width=&#8221;2\/3&#8243;][vc_column_text css=&#8221;&#8221;]<\/p>\n<h3 style=\"font-size: 20px;\">GEL\u0130\u015eM\u0130\u015e \u0130\u015eLEME ALTYAPISI<\/h3>\n<p>T\u00fcrkiye, g\u00fcvenilir \u00fcretim ve istikrarl\u0131 kalite sa\u011flayan d\u00fcnyan\u0131n en modern ta\u015f fabrikalar\u0131na ve i\u015fleme hatlar\u0131na ev sahipli\u011fi yapmaktad\u0131r.<\/p>\n<p>[\/vc_column_text][\/vc_column_inner][vc_column_inner width=&#8221;1\/3&#8243;][vc_icon icon_fontawesome=&#8221;fa fa-solid fa-industry&#8221; color=&#8221;custom&#8221; size=&#8221;lg&#8221; align=&#8221;center&#8221; css=&#8221;&#8221; custom_color=&#8221;#3F3F3F&#8221;][\/vc_column_inner][\/vc_row_inner][\/vc_column][vc_column css_animation=&#8221;fadeInRight&#8221; width=&#8221;1\/2&#8243;][vc_row_inner content_placement=&#8221;middle&#8221; css=&#8221;.vc_custom_1767868345529{padding-top: 5px !important;padding-right: 35px !important;padding-bottom: 50px !important;padding-left: 35px !important;background-color: #FFFFFF !important;}&#8221;][vc_column_inner width=&#8221;2\/3&#8243;][vc_column_text css=&#8221;&#8221;]<\/p>\n<h3 style=\"font-size: 20px;\">STRATEJ\u0130K \u0130HRACAT KONUMU<\/h3>\n<p>Avrupa, Orta Do\u011fu, Asya ve k\u00fcresel nakliye yollar\u0131na yak\u0131nl\u0131\u011f\u0131 ile T\u00fcrkiye, d\u00fcnya \u00e7ap\u0131nda da\u011f\u0131t\u0131m i\u00e7in do\u011fal bir lojistik merkezidir.<\/p>\n<p>[\/vc_column_text][\/vc_column_inner][vc_column_inner width=&#8221;1\/3&#8243;][vc_icon icon_fontawesome=&#8221;fa fa-solid fa-ship&#8221; color=&#8221;custom&#8221; size=&#8221;lg&#8221; align=&#8221;center&#8221; css=&#8221;&#8221; custom_color=&#8221;#3F3F3F&#8221;][\/vc_column_inner][\/vc_row_inner][\/vc_column][\/vc_row][vc_row gap=&#8221;35&#8243; equal_height=&#8221;yes&#8221; content_placement=&#8221;middle&#8221; row_content_width=&#8221;grid&#8221; el_class=&#8221;h-col-why-hg&#8221;][vc_column css_animation=&#8221;fadeInLeft&#8221; width=&#8221;1\/2&#8243;][vc_row_inner content_placement=&#8221;middle&#8221; css=&#8221;.vc_custom_1767868438005{padding-top: 5px !important;padding-right: 35px !important;padding-bottom: 50px !important;padding-left: 35px !important;background-color: #FFFFFF !important;}&#8221;][vc_column_inner width=&#8221;2\/3&#8243;][vc_column_text css=&#8221;&#8221;]<\/p>\n<h3 style=\"font-size: 20px;\">TA\u015e \u0130\u015e\u00c7\u0130L\u0130\u011e\u0130 M\u0130RASI<\/h3>\n<p>Antik medeniyetlerden modern mimariye kadar T\u00fcrkiye, binlerce y\u0131ld\u0131r ta\u015f sanat\u0131n\u0131n merkezi olmu\u015ftur.<\/p>\n<p>[\/vc_column_text][\/vc_column_inner][vc_column_inner width=&#8221;1\/3&#8243;][vc_icon icon_fontawesome=&#8221;fa fa-solid fa-landmark&#8221; color=&#8221;custom&#8221; size=&#8221;lg&#8221; align=&#8221;center&#8221; css=&#8221;&#8221; custom_color=&#8221;#3F3F3F&#8221;][\/vc_column_inner][\/vc_row_inner][\/vc_column][vc_column css_animation=&#8221;fadeInRight&#8221; width=&#8221;1\/2&#8243;][vc_row_inner content_placement=&#8221;middle&#8221; css=&#8221;.vc_custom_1767868345529{padding-top: 5px !important;padding-right: 35px !important;padding-bottom: 50px !important;padding-left: 35px !important;background-color: #FFFFFF !important;}&#8221;][vc_column_inner width=&#8221;2\/3&#8243;][vc_column_text css=&#8221;&#8221;]<\/p>\n<h3 style=\"font-size: 20px;\">D\u00dcNYA \u00c7APINDA M\u0130MARLARIN TERC\u0130H\u0130<\/h3>\n<p>T\u00fcrk ta\u015f\u0131; d\u00fcnya genelinde l\u00fcks konutlarda, otellerde, al\u0131\u015fveri\u015f merkezlerinde, d\u0131\u015f mekan projelerinde, spa alanlar\u0131nda ve simgele\u015fmi\u015f yap\u0131larda kullan\u0131lmaktad\u0131r.<\/p>\n<p>[\/vc_column_text][\/vc_column_inner][vc_column_inner width=&#8221;1\/3&#8243;][vc_icon icon_fontawesome=&#8221;fa fa-solid fa-people-roof&#8221; color=&#8221;custom&#8221; size=&#8221;lg&#8221; align=&#8221;center&#8221; css=&#8221;&#8221; custom_color=&#8221;#3F3F3F&#8221;][\/vc_column_inner][\/vc_row_inner][\/vc_column][\/vc_row][vc_row row_content_width=&#8221;grid&#8221; css=&#8221;.vc_custom_1767693775444{padding-top: 60px !important;padding-bottom: 120px !important;}&#8221;][vc_column css_animation=&#8221;flipInX&#8221; width=&#8221;1\/2&#8243; css=&#8221;.vc_custom_1767795823186{margin-bottom: 35px !important;}&#8221;]<a itemprop=\"url\" href=\"\/tr\/hakkimizda\/\" target=\"_self\"  class=\"edgtf-btn edgtf-btn-medium edgtf-btn-solid edgtf-btn-with-crosshair\"  >\n                        <span class=\"edgtf-btn-lines edgtf-line-1\" style=\"background-color: #999\"><\/span>\n                    <span class=\"edgtf-btn-lines edgtf-line-2\" style=\"background-color: #999\"><\/span>\n                    <span class=\"edgtf-btn-lines edgtf-line-3\" style=\"background-color: #999\"><\/span>\n                    <span class=\"edgtf-btn-lines edgtf-line-4\" style=\"background-color: #999\"><\/span>\n                    <span class=\"edgtf-btn-text\">Biz Kimiz?<\/span>\n                <\/a>[\/vc_column][vc_column css_animation=&#8221;flipInX&#8221; width=&#8221;1\/2&#8243; el_class=&#8221;h-col-right&#8221;]<a itemprop=\"url\" href=\"\/tr\/koleksiyonlar\/\" target=\"_self\"  class=\"edgtf-btn edgtf-btn-medium edgtf-btn-solid edgtf-btn-with-crosshair\"  >\n                        <span class=\"edgtf-btn-lines edgtf-line-1\" style=\"background-color: #999\"><\/span>\n                    <span class=\"edgtf-btn-lines edgtf-line-2\" style=\"background-color: #999\"><\/span>\n                    <span class=\"edgtf-btn-lines edgtf-line-3\" style=\"background-color: #999\"><\/span>\n                    <span class=\"edgtf-btn-lines edgtf-line-4\" style=\"background-color: #999\"><\/span>\n                    <span class=\"edgtf-btn-text\">\u00dcr\u00fcnlerimiz<\/span>\n                <\/a>[\/vc_column][\/vc_row][vc_row css_animation=&#8221;slideInUp&#8221; css=&#8221;.vc_custom_1773848459380{padding-bottom: 35px !important;background-image: url(https:\/\/demiroglumarble.com\/wp-content\/uploads\/2026\/03\/h5-background-img-2.jpg?id=6246) !important;background-position: center !important;background-repeat: no-repeat !important;background-size: cover !important;}&#8221;][vc_column]<div class=\"edgtf-call-to-action-holder  edgtf-normal-layout edgtf-content-in-grid edgtf-three-quarters-columns\" >\n\t<div class=\"edgtf-cta-inner edgtf-grid\">\n\t\t<div class=\"edgtf-cta-text-holder\">\n\t\t\t<div class=\"edgtf-cta-text\">\n<h5><span style=\"color: #ffffff;\">\u00d6ZG\u00dcNL\u00dcK, KAL\u0130TE VE \u0130ST\u0130KRARA DE\u011eER VEREN B\u0130R TEDAR\u0130K ORTA\u011eI \u0130LE \u00c7ALI\u015eIN.<\/span><\/h5>\n<\/div>\n\t\t<\/div>\n\t\t<div class=\"edgtf-cta-button-holder\" >\n\t\t\t<div class=\"edgtf-cta-button\"><a itemprop=\"url\" href=\"\/tr\/iletisim\/\" target=\"_blank\" style=\"color: #202020;text-transform: capitalize;background-color: #ffffff\" class=\"edgtf-btn edgtf-btn-medium edgtf-btn-solid edgtf-btn-with-crosshair\"  >                        <span class=\"edgtf-btn-lines edgtf-line-1\" style=\"background-color: #999\"><\/span>                    <span class=\"edgtf-btn-lines edgtf-line-2\" style=\"background-color: #999\"><\/span>                    <span class=\"edgtf-btn-lines edgtf-line-3\" style=\"background-color: #999\"><\/span>                    <span class=\"edgtf-btn-lines edgtf-line-4\" style=\"background-color: #999\"><\/span>                    <span class=\"edgtf-btn-text\">\u0130leti\u015fime Ge\u00e7in<\/span>                <\/a><\/div>\n\t\t<\/div>\n\t<\/div>\n<\/div>[\/vc_column][\/vc_row]<\/p>\n<\/div>","protected":false},"excerpt":{"rendered":"<p>[vc_row css_animation=&#8221;none&#8221; row_content_width=&#8221;grid&#8221; css=&#8221;.vc_custom_1767867822471{margin-top: 0px !important;margin-bottom: 45px !important;padding-top: 0px !important;}&#8221;][vc_column css_animation=&#8221;none&#8221; width=&#8221;1\/2&#8243; css=&#8221;.vc_custom_1767795906752{margin-top: 60px !important;}&#8221;][vc_column_text css=&#8221;&#8221;] NEDEN T\u00dcRK TA\u015eI? G\u00fczellik ve Kalitede K\u00fcresel Bir Standart T\u00fcrkiye; birinci s\u0131n\u0131f mermer, traverten, limestone ve oniks konusunda d\u00fcnyan\u0131n \u00f6nde gelen kaynaklar\u0131ndan biridir. Jeolojik [&hellip;]<\/p>\n","protected":false},"author":1,"featured_media":0,"parent":0,"menu_order":0,"comment_status":"closed","ping_status":"closed","template":"full-width.php","meta":{"footnotes":""},"class_list":["post-6529","page","type-page","status-publish","hentry"],"yoast_head":"<!-- This site is optimized with the Yoast SEO plugin v27.2 - https:\/\/yoast.com\/product\/yoast-seo-wordpress\/ -->\n<title>Neden T\u00fcrk Ta\u015f\u0131? | Demiro\u011flu Mermer | T\u00fcrk Do\u011fal Ta\u015f Tedarik ve \u0130hracat\u0131<\/title>\n<meta name=\"robots\" content=\"index, follow, max-snippet:-1, max-image-preview:large, max-video-preview:-1\" \/>\n<link rel=\"canonical\" href=\"https:\/\/demiroglumarble.com\/tr\/neden-turk-tasi\/\" \/>\n<meta property=\"og:locale\" content=\"tr_TR\" \/>\n<meta property=\"og:type\" content=\"article\" \/>\n<meta property=\"og:title\" content=\"Neden T\u00fcrk Ta\u015f\u0131? | Demiro\u011flu Mermer | T\u00fcrk Do\u011fal Ta\u015f Tedarik ve \u0130hracat\u0131\" \/>\n<meta property=\"og:description\" content=\"[vc_row css_animation=&#8221;none&#8221; row_content_width=&#8221;grid&#8221; css=&#8221;.vc_custom_1767867822471{margin-top: 0px !important;margin-bottom: 45px !important;padding-top: 0px !important;}&#8221;][vc_column css_animation=&#8221;none&#8221; width=&#8221;1\/2&#8243; css=&#8221;.vc_custom_1767795906752{margin-top: 60px !important;}&#8221;][vc_column_text css=&#8221;&#8221;] NEDEN T\u00dcRK TA\u015eI? G\u00fczellik ve Kalitede K\u00fcresel Bir Standart T\u00fcrkiye; birinci s\u0131n\u0131f mermer, traverten, limestone ve oniks konusunda d\u00fcnyan\u0131n \u00f6nde gelen kaynaklar\u0131ndan biridir. Jeolojik [&hellip;]\" \/>\n<meta property=\"og:url\" content=\"https:\/\/demiroglumarble.com\/tr\/neden-turk-tasi\/\" \/>\n<meta property=\"og:site_name\" content=\"Demiro\u011flu Mermer | T\u00fcrk Do\u011fal Ta\u015f Tedarik ve \u0130hracat\u0131\" \/>\n<meta property=\"article:modified_time\" content=\"2026-03-26T08:11:13+00:00\" \/>\n<meta name=\"twitter:card\" content=\"summary_large_image\" \/>\n<meta name=\"twitter:label1\" content=\"Tahmini okuma s\u00fcresi\" \/>\n\t<meta name=\"twitter:data1\" content=\"4 dakika\" \/>\n<script type=\"application\/ld+json\" class=\"yoast-schema-graph\">{\"@context\":\"https:\/\/schema.org\",\"@graph\":[{\"@type\":\"WebPage\",\"@id\":\"https:\/\/demiroglumarble.com\/tr\/neden-turk-tasi\/\",\"url\":\"https:\/\/demiroglumarble.com\/tr\/neden-turk-tasi\/\",\"name\":\"Neden T\u00fcrk Ta\u015f\u0131? | Demiro\u011flu Mermer | T\u00fcrk Do\u011fal Ta\u015f Tedarik ve \u0130hracat\u0131\",\"isPartOf\":{\"@id\":\"https:\/\/demiroglumarble.com\/tr\/#website\"},\"datePublished\":\"2026-01-08T08:50:26+00:00\",\"dateModified\":\"2026-03-26T08:11:13+00:00\",\"breadcrumb\":{\"@id\":\"https:\/\/demiroglumarble.com\/tr\/neden-turk-tasi\/#breadcrumb\"},\"inLanguage\":\"tr\",\"potentialAction\":[{\"@type\":\"ReadAction\",\"target\":[\"https:\/\/demiroglumarble.com\/tr\/neden-turk-tasi\/\"]}]},{\"@type\":\"BreadcrumbList\",\"@id\":\"https:\/\/demiroglumarble.com\/tr\/neden-turk-tasi\/#breadcrumb\",\"itemListElement\":[{\"@type\":\"ListItem\",\"position\":1,\"name\":\"Home\",\"item\":\"https:\/\/demiroglumarble.com\/tr\/\"},{\"@type\":\"ListItem\",\"position\":2,\"name\":\"Neden T\u00fcrk Ta\u015f\u0131?\"}]},{\"@type\":\"WebSite\",\"@id\":\"https:\/\/demiroglumarble.com\/tr\/#website\",\"url\":\"https:\/\/demiroglumarble.com\/tr\/\",\"name\":\"Demiro\u011flu Marble | Turkish Natural Stone Sourcing & Export from Bal\u0131kesir\",\"description\":\"\",\"publisher\":{\"@id\":\"https:\/\/demiroglumarble.com\/tr\/#organization\"},\"potentialAction\":[{\"@type\":\"SearchAction\",\"target\":{\"@type\":\"EntryPoint\",\"urlTemplate\":\"https:\/\/demiroglumarble.com\/tr\/?s={search_term_string}\"},\"query-input\":{\"@type\":\"PropertyValueSpecification\",\"valueRequired\":true,\"valueName\":\"search_term_string\"}}],\"inLanguage\":\"tr\"},{\"@type\":\"Organization\",\"@id\":\"https:\/\/demiroglumarble.com\/tr\/#organization\",\"name\":\"Demiro\u011flu Marble | Turkish Natural Stone Sourcing & Export from Bal\u0131kesir\",\"url\":\"https:\/\/demiroglumarble.com\/tr\/\",\"logo\":{\"@type\":\"ImageObject\",\"inLanguage\":\"tr\",\"@id\":\"https:\/\/demiroglumarble.com\/tr\/#\/schema\/logo\/image\/\",\"url\":\"https:\/\/demiroglumarble.com\/wp-content\/uploads\/2025\/12\/logo-demiroglumarble-1.png\",\"contentUrl\":\"https:\/\/demiroglumarble.com\/wp-content\/uploads\/2025\/12\/logo-demiroglumarble-1.png\",\"width\":602,\"height\":456,\"caption\":\"Demiro\u011flu Marble | Turkish Natural Stone Sourcing & Export from Bal\u0131kesir\"},\"image\":{\"@id\":\"https:\/\/demiroglumarble.com\/tr\/#\/schema\/logo\/image\/\"},\"sameAs\":[\"https:\/\/www.instagram.com\/demiroglumarble\"]}]}<\/script>\n<!-- \/ Yoast SEO plugin. -->","yoast_head_json":{"title":"Neden T\u00fcrk Ta\u015f\u0131? | Demiro\u011flu Mermer | T\u00fcrk Do\u011fal Ta\u015f Tedarik ve \u0130hracat\u0131","robots":{"index":"index","follow":"follow","max-snippet":"max-snippet:-1","max-image-preview":"max-image-preview:large","max-video-preview":"max-video-preview:-1"},"canonical":"https:\/\/demiroglumarble.com\/tr\/neden-turk-tasi\/","og_locale":"tr_TR","og_type":"article","og_title":"Neden T\u00fcrk Ta\u015f\u0131? | Demiro\u011flu Mermer | T\u00fcrk Do\u011fal Ta\u015f Tedarik ve \u0130hracat\u0131","og_description":"[vc_row css_animation=&#8221;none&#8221; row_content_width=&#8221;grid&#8221; css=&#8221;.vc_custom_1767867822471{margin-top: 0px !important;margin-bottom: 45px !important;padding-top: 0px !important;}&#8221;][vc_column css_animation=&#8221;none&#8221; width=&#8221;1\/2&#8243; css=&#8221;.vc_custom_1767795906752{margin-top: 60px !important;}&#8221;][vc_column_text css=&#8221;&#8221;] NEDEN T\u00dcRK TA\u015eI? G\u00fczellik ve Kalitede K\u00fcresel Bir Standart T\u00fcrkiye; birinci s\u0131n\u0131f mermer, traverten, limestone ve oniks konusunda d\u00fcnyan\u0131n \u00f6nde gelen kaynaklar\u0131ndan biridir. Jeolojik [&hellip;]","og_url":"https:\/\/demiroglumarble.com\/tr\/neden-turk-tasi\/","og_site_name":"Demiro\u011flu Mermer | T\u00fcrk Do\u011fal Ta\u015f Tedarik ve \u0130hracat\u0131","article_modified_time":"2026-03-26T08:11:13+00:00","twitter_card":"summary_large_image","twitter_misc":{"Tahmini okuma s\u00fcresi":"4 dakika"},"schema":{"@context":"https:\/\/schema.org","@graph":[{"@type":"WebPage","@id":"https:\/\/demiroglumarble.com\/tr\/neden-turk-tasi\/","url":"https:\/\/demiroglumarble.com\/tr\/neden-turk-tasi\/","name":"Neden T\u00fcrk Ta\u015f\u0131? | Demiro\u011flu Mermer | T\u00fcrk Do\u011fal Ta\u015f Tedarik ve \u0130hracat\u0131","isPartOf":{"@id":"https:\/\/demiroglumarble.com\/tr\/#website"},"datePublished":"2026-01-08T08:50:26+00:00","dateModified":"2026-03-26T08:11:13+00:00","breadcrumb":{"@id":"https:\/\/demiroglumarble.com\/tr\/neden-turk-tasi\/#breadcrumb"},"inLanguage":"tr","potentialAction":[{"@type":"ReadAction","target":["https:\/\/demiroglumarble.com\/tr\/neden-turk-tasi\/"]}]},{"@type":"BreadcrumbList","@id":"https:\/\/demiroglumarble.com\/tr\/neden-turk-tasi\/#breadcrumb","itemListElement":[{"@type":"ListItem","position":1,"name":"Home","item":"https:\/\/demiroglumarble.com\/tr\/"},{"@type":"ListItem","position":2,"name":"Neden T\u00fcrk Ta\u015f\u0131?"}]},{"@type":"WebSite","@id":"https:\/\/demiroglumarble.com\/tr\/#website","url":"https:\/\/demiroglumarble.com\/tr\/","name":"Demiro\u011flu Marble | Turkish Natural Stone Sourcing & Export from Bal\u0131kesir","description":"","publisher":{"@id":"https:\/\/demiroglumarble.com\/tr\/#organization"},"potentialAction":[{"@type":"SearchAction","target":{"@type":"EntryPoint","urlTemplate":"https:\/\/demiroglumarble.com\/tr\/?s={search_term_string}"},"query-input":{"@type":"PropertyValueSpecification","valueRequired":true,"valueName":"search_term_string"}}],"inLanguage":"tr"},{"@type":"Organization","@id":"https:\/\/demiroglumarble.com\/tr\/#organization","name":"Demiro\u011flu Marble | Turkish Natural Stone Sourcing & Export from Bal\u0131kesir","url":"https:\/\/demiroglumarble.com\/tr\/","logo":{"@type":"ImageObject","inLanguage":"tr","@id":"https:\/\/demiroglumarble.com\/tr\/#\/schema\/logo\/image\/","url":"https:\/\/demiroglumarble.com\/wp-content\/uploads\/2025\/12\/logo-demiroglumarble-1.png","contentUrl":"https:\/\/demiroglumarble.com\/wp-content\/uploads\/2025\/12\/logo-demiroglumarble-1.png","width":602,"height":456,"caption":"Demiro\u011flu Marble | Turkish Natural Stone Sourcing & Export from Bal\u0131kesir"},"image":{"@id":"https:\/\/demiroglumarble.com\/tr\/#\/schema\/logo\/image\/"},"sameAs":["https:\/\/www.instagram.com\/demiroglumarble"]}]}},"_links":{"self":[{"href":"https:\/\/demiroglumarble.com\/tr\/wp-json\/wp\/v2\/pages\/6529","targetHints":{"allow":["GET"]}}],"collection":[{"href":"https:\/\/demiroglumarble.com\/tr\/wp-json\/wp\/v2\/pages"}],"about":[{"href":"https:\/\/demiroglumarble.com\/tr\/wp-json\/wp\/v2\/types\/page"}],"author":[{"embeddable":true,"href":"https:\/\/demiroglumarble.com\/tr\/wp-json\/wp\/v2\/users\/1"}],"replies":[{"embeddable":true,"href":"https:\/\/demiroglumarble.com\/tr\/wp-json\/wp\/v2\/comments?post=6529"}],"version-history":[{"count":4,"href":"https:\/\/demiroglumarble.com\/tr\/wp-json\/wp\/v2\/pages\/6529\/revisions"}],"predecessor-version":[{"id":6760,"href":"https:\/\/demiroglumarble.com\/tr\/wp-json\/wp\/v2\/pages\/6529\/revisions\/6760"}],"wp:attachment":[{"href":"https:\/\/demiroglumarble.com\/tr\/wp-json\/wp\/v2\/media?parent=6529"}],"curies":[{"name":"wp","href":"https:\/\/api.w.org\/{rel}","templated":true}]}}