{"id":6527,"date":"2026-01-08T10:20:30","date_gmt":"2026-01-08T07:20:30","guid":{"rendered":"https:\/\/demiroglumarble.com\/sustainability\/"},"modified":"2026-03-25T11:53:17","modified_gmt":"2026-03-25T08:53:17","slug":"surdurulebilirlik","status":"publish","type":"page","link":"https:\/\/demiroglumarble.com\/tr\/surdurulebilirlik\/","title":{"rendered":"S\u00fcrd\u00fcr\u00fclebilirlik"},"content":{"rendered":"<div class=\"wpb-content-wrapper\"><p>[vc_row][vc_column]<div class=\"edgtf-elements-holder   edgtf-one-column  edgtf-responsive-mode-768 \" ><div class=\"edgtf-eh-item   edgtf-horizontal-alignment-center \"  data-item-class=\"edgtf-eh-custom-9747\" data-1024-1280=\"0 77px 0 77px\" data-768-1024=\"0 146px 0 146px\" data-680-768=\"0 103px 0 103px\" data-680=\"0 56px 0 56px\">\n\t<div class=\"edgtf-eh-item-inner\">\n\t\t<div class=\"edgtf-eh-item-content edgtf-eh-custom-9747\" style=\"padding: 0 114px 0 114px\">\n\t\t\t[vc_row_inner css=&#8221;.vc_custom_1767870632603{padding-top: 172px !important;padding-bottom: 176px !important;background-image: url(https:\/\/demiroglumarble.com\/wp-content\/uploads\/2026\/01\/quarry-natural-stone-img-1.jpg?id=5946) !important;background-position: center !important;background-repeat: no-repeat !important;background-size: cover !important;}&#8221;][vc_column_inner][vc_column_text css=&#8221;&#8221; el_class=&#8221;edge-large-text&#8221;]<\/p>\n<p style=\"text-align: center;\"><span style=\"color: #fff; font-family: 'Roboto Condensed',sans-serif; font-size: 80px; line-height: 85px; font-weight: bold;\">S\u00dcRD\u00dcR\u00dcLEB\u0130L\u0130RL\u0130K<\/span><\/p>\n<p style=\"text-align: center;\"><span style=\"color: #fff; font-family: 'Roboto Condensed',sans-serif; font-size: 40px; line-height: 65px; font-weight: bold;\">Ta\u015f: Do\u011fan\u0131n En Sorumlu Malzemesi<\/span><\/p>\n<p>[\/vc_column_text][\/vc_column_inner][\/vc_row_inner]\t\t<\/div>\n\t<\/div>\n<\/div><\/div>[\/vc_column][\/vc_row][vc_row css_animation=&#8221;none&#8221; row_content_width=&#8221;grid&#8221; css=&#8221;.vc_custom_1767867822471{margin-top: 0px !important;margin-bottom: 45px !important;padding-top: 0px !important;}&#8221;][vc_column css_animation=&#8221;none&#8221; css=&#8221;.vc_custom_1767795906752{margin-top: 60px !important;}&#8221;][vc_column_text css=&#8221;&#8221;]<\/p>\n<p style=\"font-size: 19px;\">Do\u011fal ta\u015f, do\u011fas\u0131 gere\u011fi s\u00fcrd\u00fcr\u00fclebilirdir. Minimum i\u015flem gerektirir, kimyasal i\u00e7ermez, \u00f6m\u00fcr boyu dayan\u0131r ve tamamen yeniden kullan\u0131labilir. <strong>Demiro\u011flu Marble<\/strong>; tedarik ve ihracat s\u00fcreci boyunca sorumlu ortaklar se\u00e7erek ve at\u0131klar\u0131 en aza indirerek bu de\u011ferleri benimser.<\/p>\n<p>[\/vc_column_text][\/vc_column][\/vc_row][vc_row gap=&#8221;35&#8243; equal_height=&#8221;yes&#8221; content_placement=&#8221;middle&#8221; row_content_width=&#8221;grid&#8221; el_class=&#8221;h-col-sus-hg&#8221;][vc_column css_animation=&#8221;fadeInLeft&#8221; width=&#8221;1\/2&#8243;][vc_row_inner content_placement=&#8221;middle&#8221; css=&#8221;.vc_custom_1767868438005{padding-top: 5px !important;padding-right: 35px !important;padding-bottom: 50px !important;padding-left: 35px !important;background-color: #FFFFFF !important;}&#8221;][vc_column_inner width=&#8221;2\/3&#8243;][vc_column_text css=&#8221;&#8221;]<\/p>\n<h3 style=\"font-size: 20px;\">D\u00dc\u015e\u00dcK \u00c7EVRESEL ETK\u0130<\/h3>\n<p>Ta\u015f; m\u00fchendislik \u00fcr\u00fcn\u00fc veya sentetik malzemelere g\u00f6re \u00e7ok daha az enerjiyle \u00e7\u0131kar\u0131l\u0131r ve \u015fekillendirilir. Re\u00e7ine yok, plastik yok, \u00fcretim yan \u00fcr\u00fcn\u00fc yok.<\/p>\n<p>[\/vc_column_text][\/vc_column_inner][vc_column_inner width=&#8221;1\/3&#8243;][vc_icon icon_fontawesome=&#8221;fa fa-solid fa-fingerprint&#8221; color=&#8221;custom&#8221; size=&#8221;lg&#8221; align=&#8221;center&#8221; css=&#8221;&#8221; custom_color=&#8221;#3F3F3F&#8221;][\/vc_column_inner][\/vc_row_inner][\/vc_column][vc_column css_animation=&#8221;fadeInRight&#8221; width=&#8221;1\/2&#8243;][vc_row_inner content_placement=&#8221;middle&#8221; css=&#8221;.vc_custom_1767868345529{padding-top: 5px !important;padding-right: 35px !important;padding-bottom: 50px !important;padding-left: 35px !important;background-color: #FFFFFF !important;}&#8221;][vc_column_inner width=&#8221;2\/3&#8243;][vc_column_text css=&#8221;&#8221;]<\/p>\n<h3 style=\"font-size: 20px;\">UZUN \u00d6M\u00dcR<\/h3>\n<p>Onlarca y\u0131l dayanan bir malzeme, de\u011fi\u015fim d\u00f6ng\u00fclerini azalt\u0131r ve s\u00fcrd\u00fcr\u00fclebilir bina uygulamalar\u0131n\u0131 te\u015fvik eder.<\/p>\n<p>[\/vc_column_text][\/vc_column_inner][vc_column_inner width=&#8221;1\/3&#8243;][vc_icon icon_fontawesome=&#8221;fa fa-solid fa-clock-rotate-left&#8221; color=&#8221;custom&#8221; size=&#8221;lg&#8221; align=&#8221;center&#8221; css=&#8221;&#8221; custom_color=&#8221;#3F3F3F&#8221;][\/vc_column_inner][\/vc_row_inner][\/vc_column][\/vc_row][vc_row gap=&#8221;35&#8243; equal_height=&#8221;yes&#8221; content_placement=&#8221;middle&#8221; row_content_width=&#8221;grid&#8221; el_class=&#8221;h-col-sus-hg&#8221;][vc_column css_animation=&#8221;fadeInLeft&#8221; width=&#8221;1\/2&#8243;][vc_row_inner content_placement=&#8221;middle&#8221; css=&#8221;.vc_custom_1767868438005{padding-top: 5px !important;padding-right: 35px !important;padding-bottom: 50px !important;padding-left: 35px !important;background-color: #FFFFFF !important;}&#8221;][vc_column_inner width=&#8221;2\/3&#8243;][vc_column_text css=&#8221;&#8221;]<\/p>\n<h3 style=\"font-size: 20px;\">GER\u0130 D\u00d6N\u00dc\u015eT\u00dcR\u00dcLEB\u0130L\u0130R VE YEN\u0130DEN KULLANILAB\u0130L\u0130R<\/h3>\n<p>Do\u011fal ta\u015f restore edilebilir, y\u00fczeyi yenilenebilir veya farkl\u0131 ama\u00e7larla tekrar kullan\u0131labilir; bu da onun at\u0131k sahas\u0131na gitmek yerine kullan\u0131mda kalmas\u0131n\u0131 sa\u011flar.<\/p>\n<p>[\/vc_column_text][\/vc_column_inner][vc_column_inner width=&#8221;1\/3&#8243;][vc_icon icon_fontawesome=&#8221;fa fa-solid fa-recycle&#8221; color=&#8221;custom&#8221; size=&#8221;lg&#8221; align=&#8221;center&#8221; css=&#8221;&#8221; custom_color=&#8221;#3F3F3F&#8221;][\/vc_column_inner][\/vc_row_inner][\/vc_column][vc_column css_animation=&#8221;fadeInRight&#8221; width=&#8221;1\/2&#8243;][vc_row_inner content_placement=&#8221;middle&#8221; css=&#8221;.vc_custom_1767868345529{padding-top: 5px !important;padding-right: 35px !important;padding-bottom: 50px !important;padding-left: 35px !important;background-color: #FFFFFF !important;}&#8221;][vc_column_inner width=&#8221;2\/3&#8243;][vc_column_text css=&#8221;&#8221;]<\/p>\n<h3 style=\"font-size: 20px;\">SORUMLU TEDAR\u0130K<\/h3>\n<p>Kontroll\u00fc \u00e7\u0131karma, at\u0131k y\u00f6netim sistemleri ve etik i\u015f g\u00fcc\u00fc standartlar\u0131n\u0131 takip eden fabrika ve ocaklarla \u00e7al\u0131\u015f\u0131yoruz.<\/p>\n<p>[\/vc_column_text][\/vc_column_inner][vc_column_inner width=&#8221;1\/3&#8243;][vc_icon icon_fontawesome=&#8221;fa fa-solid fa-leaf&#8221; color=&#8221;custom&#8221; size=&#8221;lg&#8221; align=&#8221;center&#8221; css=&#8221;&#8221; custom_color=&#8221;#3F3F3F&#8221;][\/vc_column_inner][\/vc_row_inner][\/vc_column][\/vc_row][vc_row gap=&#8221;35&#8243; equal_height=&#8221;yes&#8221; content_placement=&#8221;middle&#8221; row_content_width=&#8221;grid&#8221; el_class=&#8221;h-col-sus-hg&#8221;][vc_column css_animation=&#8221;fadeInLeft&#8221; width=&#8221;1\/4&#8243;][\/vc_column][vc_column css_animation=&#8221;fadeInUp&#8221; width=&#8221;1\/2&#8243;][vc_row_inner content_placement=&#8221;middle&#8221; css=&#8221;.vc_custom_1767868438005{padding-top: 5px !important;padding-right: 35px !important;padding-bottom: 50px !important;padding-left: 35px !important;background-color: #FFFFFF !important;}&#8221;][vc_column_inner width=&#8221;2\/3&#8243;][vc_column_text css=&#8221;&#8221;]<\/p>\n<h3 style=\"font-size: 20px;\">DO\u011eAYA SAYGI<\/h3>\n<p>Her blok ve karo D\u00fcnya&#8217;dan gelir. \u00d6zenli se\u00e7im, minimum at\u0131k ve uzun vadeli tedarik\u00e7i ili\u015fkileriyle bu k\u00f6kene sayg\u0131 duyuyoruz.<\/p>\n<p>[\/vc_column_text][\/vc_column_inner][vc_column_inner width=&#8221;1\/3&#8243;][vc_icon icon_fontawesome=&#8221;fa fa-solid fa-seedling&#8221; color=&#8221;custom&#8221; size=&#8221;lg&#8221; align=&#8221;center&#8221; css=&#8221;&#8221; custom_color=&#8221;#3F3F3F&#8221;][\/vc_column_inner][\/vc_row_inner][\/vc_column][vc_column width=&#8221;1\/4&#8243;][\/vc_column][\/vc_row][vc_row row_content_width=&#8221;grid&#8221; css=&#8221;.vc_custom_1767693775444{padding-top: 60px !important;padding-bottom: 120px !important;}&#8221;][vc_column css_animation=&#8221;flipInX&#8221; width=&#8221;1\/2&#8243; css=&#8221;.vc_custom_1767795823186{margin-bottom: 35px !important;}&#8221;]<a itemprop=\"url\" href=\"\/tr\/hakkimizda\/\" target=\"_self\"  class=\"edgtf-btn edgtf-btn-medium edgtf-btn-solid edgtf-btn-with-crosshair\"  >\n                        <span class=\"edgtf-btn-lines edgtf-line-1\" style=\"background-color: #999\"><\/span>\n                    <span class=\"edgtf-btn-lines edgtf-line-2\" style=\"background-color: #999\"><\/span>\n                    <span class=\"edgtf-btn-lines edgtf-line-3\" style=\"background-color: #999\"><\/span>\n                    <span class=\"edgtf-btn-lines edgtf-line-4\" style=\"background-color: #999\"><\/span>\n                    <span class=\"edgtf-btn-text\">Biz Kimiz?<\/span>\n                <\/a>[\/vc_column][vc_column css_animation=&#8221;flipInX&#8221; width=&#8221;1\/2&#8243; el_class=&#8221;h-col-right&#8221;]<a itemprop=\"url\" href=\"\/tr\/koleksiyonlar\/\" target=\"_self\"  class=\"edgtf-btn edgtf-btn-medium edgtf-btn-solid edgtf-btn-with-crosshair\"  >\n                        <span class=\"edgtf-btn-lines edgtf-line-1\" style=\"background-color: #999\"><\/span>\n                    <span class=\"edgtf-btn-lines edgtf-line-2\" style=\"background-color: #999\"><\/span>\n                    <span class=\"edgtf-btn-lines edgtf-line-3\" style=\"background-color: #999\"><\/span>\n                    <span class=\"edgtf-btn-lines edgtf-line-4\" style=\"background-color: #999\"><\/span>\n                    <span class=\"edgtf-btn-text\">\u00dcr\u00fcnlerimiz<\/span>\n                <\/a>[\/vc_column][\/vc_row][vc_row css_animation=&#8221;slideInUp&#8221; css=&#8221;.vc_custom_1773848459380{padding-bottom: 35px !important;background-image: url(https:\/\/demiroglumarble.com\/wp-content\/uploads\/2026\/03\/h5-background-img-2.jpg?id=6246) !important;background-position: center !important;background-repeat: no-repeat !important;background-size: cover !important;}&#8221;][vc_column]<div class=\"edgtf-call-to-action-holder  edgtf-normal-layout edgtf-content-in-grid edgtf-three-quarters-columns\" >\n\t<div class=\"edgtf-cta-inner edgtf-grid\">\n\t\t<div class=\"edgtf-cta-text-holder\">\n\t\t\t<div class=\"edgtf-cta-text\">\n<h5><span style=\"color: #ffffff;\">\u00d6ZG\u00dcNL\u00dcK, KAL\u0130TE VE \u0130ST\u0130KRARA DE\u011eER VEREN B\u0130R TEDAR\u0130K ORTA\u011eI \u0130LE \u00c7ALI\u015eIN.<\/span><\/h5>\n<\/div>\n\t\t<\/div>\n\t\t<div class=\"edgtf-cta-button-holder\" >\n\t\t\t<div class=\"edgtf-cta-button\"><a itemprop=\"url\" href=\"\/tr\/iletisim\/\" target=\"_blank\" style=\"color: #202020;text-transform: capitalize;background-color: #ffffff\" class=\"edgtf-btn edgtf-btn-medium edgtf-btn-solid edgtf-btn-with-crosshair\"  >                        <span class=\"edgtf-btn-lines edgtf-line-1\" style=\"background-color: #999\"><\/span>                    <span class=\"edgtf-btn-lines edgtf-line-2\" style=\"background-color: #999\"><\/span>                    <span class=\"edgtf-btn-lines edgtf-line-3\" style=\"background-color: #999\"><\/span>                    <span class=\"edgtf-btn-lines edgtf-line-4\" style=\"background-color: #999\"><\/span>                    <span class=\"edgtf-btn-text\">\u0130leti\u015fime Ge\u00e7in<\/span>                <\/a><\/div>\n\t\t<\/div>\n\t<\/div>\n<\/div>[\/vc_column][\/vc_row]<\/p>\n<\/div>","protected":false},"excerpt":{"rendered":"<p>[vc_row][vc_column][\/vc_column][\/vc_row][vc_row css_animation=&#8221;none&#8221; row_content_width=&#8221;grid&#8221; css=&#8221;.vc_custom_1767867822471{margin-top: 0px !important;margin-bottom: 45px !important;padding-top: 0px !important;}&#8221;][vc_column css_animation=&#8221;none&#8221; css=&#8221;.vc_custom_1767795906752{margin-top: 60px !important;}&#8221;][vc_column_text css=&#8221;&#8221;] Do\u011fal ta\u015f, do\u011fas\u0131 gere\u011fi s\u00fcrd\u00fcr\u00fclebilirdir. Minimum i\u015flem gerektirir, kimyasal i\u00e7ermez, \u00f6m\u00fcr boyu dayan\u0131r ve tamamen yeniden kullan\u0131labilir. Demiro\u011flu Marble; tedarik ve ihracat s\u00fcreci boyunca sorumlu [&hellip;]<\/p>\n","protected":false},"author":1,"featured_media":0,"parent":0,"menu_order":0,"comment_status":"closed","ping_status":"closed","template":"full-width.php","meta":{"footnotes":""},"class_list":["post-6527","page","type-page","status-publish","hentry"],"yoast_head":"<!-- This site is optimized with the Yoast SEO plugin v27.2 - https:\/\/yoast.com\/product\/yoast-seo-wordpress\/ -->\n<title>S\u00fcrd\u00fcr\u00fclebilirlik | Demiro\u011flu Mermer | T\u00fcrk Do\u011fal Ta\u015f Tedarik ve \u0130hracat\u0131<\/title>\n<meta name=\"robots\" content=\"index, follow, max-snippet:-1, max-image-preview:large, max-video-preview:-1\" \/>\n<link rel=\"canonical\" href=\"https:\/\/demiroglumarble.com\/tr\/surdurulebilirlik\/\" \/>\n<meta property=\"og:locale\" content=\"tr_TR\" \/>\n<meta property=\"og:type\" content=\"article\" \/>\n<meta property=\"og:title\" content=\"S\u00fcrd\u00fcr\u00fclebilirlik | Demiro\u011flu Mermer | T\u00fcrk Do\u011fal Ta\u015f Tedarik ve \u0130hracat\u0131\" \/>\n<meta property=\"og:description\" content=\"[vc_row][vc_column][\/vc_column][\/vc_row][vc_row css_animation=&#8221;none&#8221; row_content_width=&#8221;grid&#8221; css=&#8221;.vc_custom_1767867822471{margin-top: 0px !important;margin-bottom: 45px !important;padding-top: 0px !important;}&#8221;][vc_column css_animation=&#8221;none&#8221; css=&#8221;.vc_custom_1767795906752{margin-top: 60px !important;}&#8221;][vc_column_text css=&#8221;&#8221;] Do\u011fal ta\u015f, do\u011fas\u0131 gere\u011fi s\u00fcrd\u00fcr\u00fclebilirdir. Minimum i\u015flem gerektirir, kimyasal i\u00e7ermez, \u00f6m\u00fcr boyu dayan\u0131r ve tamamen yeniden kullan\u0131labilir. Demiro\u011flu Marble; tedarik ve ihracat s\u00fcreci boyunca sorumlu [&hellip;]\" \/>\n<meta property=\"og:url\" content=\"https:\/\/demiroglumarble.com\/tr\/surdurulebilirlik\/\" \/>\n<meta property=\"og:site_name\" content=\"Demiro\u011flu Mermer | T\u00fcrk Do\u011fal Ta\u015f Tedarik ve \u0130hracat\u0131\" \/>\n<meta property=\"article:modified_time\" content=\"2026-03-25T08:53:17+00:00\" \/>\n<meta name=\"twitter:card\" content=\"summary_large_image\" \/>\n<meta name=\"twitter:label1\" content=\"Tahmini okuma s\u00fcresi\" \/>\n\t<meta name=\"twitter:data1\" content=\"5 dakika\" \/>\n<script type=\"application\/ld+json\" class=\"yoast-schema-graph\">{\"@context\":\"https:\/\/schema.org\",\"@graph\":[{\"@type\":\"WebPage\",\"@id\":\"https:\/\/demiroglumarble.com\/tr\/surdurulebilirlik\/\",\"url\":\"https:\/\/demiroglumarble.com\/tr\/surdurulebilirlik\/\",\"name\":\"S\u00fcrd\u00fcr\u00fclebilirlik | Demiro\u011flu Mermer | T\u00fcrk Do\u011fal Ta\u015f Tedarik ve \u0130hracat\u0131\",\"isPartOf\":{\"@id\":\"https:\/\/demiroglumarble.com\/tr\/#website\"},\"datePublished\":\"2026-01-08T07:20:30+00:00\",\"dateModified\":\"2026-03-25T08:53:17+00:00\",\"breadcrumb\":{\"@id\":\"https:\/\/demiroglumarble.com\/tr\/surdurulebilirlik\/#breadcrumb\"},\"inLanguage\":\"tr\",\"potentialAction\":[{\"@type\":\"ReadAction\",\"target\":[\"https:\/\/demiroglumarble.com\/tr\/surdurulebilirlik\/\"]}]},{\"@type\":\"BreadcrumbList\",\"@id\":\"https:\/\/demiroglumarble.com\/tr\/surdurulebilirlik\/#breadcrumb\",\"itemListElement\":[{\"@type\":\"ListItem\",\"position\":1,\"name\":\"Home\",\"item\":\"https:\/\/demiroglumarble.com\/tr\/\"},{\"@type\":\"ListItem\",\"position\":2,\"name\":\"S\u00fcrd\u00fcr\u00fclebilirlik\"}]},{\"@type\":\"WebSite\",\"@id\":\"https:\/\/demiroglumarble.com\/tr\/#website\",\"url\":\"https:\/\/demiroglumarble.com\/tr\/\",\"name\":\"Demiro\u011flu Marble | Turkish Natural Stone Sourcing & Export from Bal\u0131kesir\",\"description\":\"\",\"publisher\":{\"@id\":\"https:\/\/demiroglumarble.com\/tr\/#organization\"},\"potentialAction\":[{\"@type\":\"SearchAction\",\"target\":{\"@type\":\"EntryPoint\",\"urlTemplate\":\"https:\/\/demiroglumarble.com\/tr\/?s={search_term_string}\"},\"query-input\":{\"@type\":\"PropertyValueSpecification\",\"valueRequired\":true,\"valueName\":\"search_term_string\"}}],\"inLanguage\":\"tr\"},{\"@type\":\"Organization\",\"@id\":\"https:\/\/demiroglumarble.com\/tr\/#organization\",\"name\":\"Demiro\u011flu Marble | Turkish Natural Stone Sourcing & Export from Bal\u0131kesir\",\"url\":\"https:\/\/demiroglumarble.com\/tr\/\",\"logo\":{\"@type\":\"ImageObject\",\"inLanguage\":\"tr\",\"@id\":\"https:\/\/demiroglumarble.com\/tr\/#\/schema\/logo\/image\/\",\"url\":\"https:\/\/demiroglumarble.com\/wp-content\/uploads\/2025\/12\/logo-demiroglumarble-1.png\",\"contentUrl\":\"https:\/\/demiroglumarble.com\/wp-content\/uploads\/2025\/12\/logo-demiroglumarble-1.png\",\"width\":602,\"height\":456,\"caption\":\"Demiro\u011flu Marble | Turkish Natural Stone Sourcing & Export from Bal\u0131kesir\"},\"image\":{\"@id\":\"https:\/\/demiroglumarble.com\/tr\/#\/schema\/logo\/image\/\"},\"sameAs\":[\"https:\/\/www.instagram.com\/demiroglumarble\"]}]}<\/script>\n<!-- \/ Yoast SEO plugin. -->","yoast_head_json":{"title":"S\u00fcrd\u00fcr\u00fclebilirlik | Demiro\u011flu Mermer | T\u00fcrk Do\u011fal Ta\u015f Tedarik ve \u0130hracat\u0131","robots":{"index":"index","follow":"follow","max-snippet":"max-snippet:-1","max-image-preview":"max-image-preview:large","max-video-preview":"max-video-preview:-1"},"canonical":"https:\/\/demiroglumarble.com\/tr\/surdurulebilirlik\/","og_locale":"tr_TR","og_type":"article","og_title":"S\u00fcrd\u00fcr\u00fclebilirlik | Demiro\u011flu Mermer | T\u00fcrk Do\u011fal Ta\u015f Tedarik ve \u0130hracat\u0131","og_description":"[vc_row][vc_column][\/vc_column][\/vc_row][vc_row css_animation=&#8221;none&#8221; row_content_width=&#8221;grid&#8221; css=&#8221;.vc_custom_1767867822471{margin-top: 0px !important;margin-bottom: 45px !important;padding-top: 0px !important;}&#8221;][vc_column css_animation=&#8221;none&#8221; css=&#8221;.vc_custom_1767795906752{margin-top: 60px !important;}&#8221;][vc_column_text css=&#8221;&#8221;] Do\u011fal ta\u015f, do\u011fas\u0131 gere\u011fi s\u00fcrd\u00fcr\u00fclebilirdir. Minimum i\u015flem gerektirir, kimyasal i\u00e7ermez, \u00f6m\u00fcr boyu dayan\u0131r ve tamamen yeniden kullan\u0131labilir. Demiro\u011flu Marble; tedarik ve ihracat s\u00fcreci boyunca sorumlu [&hellip;]","og_url":"https:\/\/demiroglumarble.com\/tr\/surdurulebilirlik\/","og_site_name":"Demiro\u011flu Mermer | T\u00fcrk Do\u011fal Ta\u015f Tedarik ve \u0130hracat\u0131","article_modified_time":"2026-03-25T08:53:17+00:00","twitter_card":"summary_large_image","twitter_misc":{"Tahmini okuma s\u00fcresi":"5 dakika"},"schema":{"@context":"https:\/\/schema.org","@graph":[{"@type":"WebPage","@id":"https:\/\/demiroglumarble.com\/tr\/surdurulebilirlik\/","url":"https:\/\/demiroglumarble.com\/tr\/surdurulebilirlik\/","name":"S\u00fcrd\u00fcr\u00fclebilirlik | Demiro\u011flu Mermer | T\u00fcrk Do\u011fal Ta\u015f Tedarik ve \u0130hracat\u0131","isPartOf":{"@id":"https:\/\/demiroglumarble.com\/tr\/#website"},"datePublished":"2026-01-08T07:20:30+00:00","dateModified":"2026-03-25T08:53:17+00:00","breadcrumb":{"@id":"https:\/\/demiroglumarble.com\/tr\/surdurulebilirlik\/#breadcrumb"},"inLanguage":"tr","potentialAction":[{"@type":"ReadAction","target":["https:\/\/demiroglumarble.com\/tr\/surdurulebilirlik\/"]}]},{"@type":"BreadcrumbList","@id":"https:\/\/demiroglumarble.com\/tr\/surdurulebilirlik\/#breadcrumb","itemListElement":[{"@type":"ListItem","position":1,"name":"Home","item":"https:\/\/demiroglumarble.com\/tr\/"},{"@type":"ListItem","position":2,"name":"S\u00fcrd\u00fcr\u00fclebilirlik"}]},{"@type":"WebSite","@id":"https:\/\/demiroglumarble.com\/tr\/#website","url":"https:\/\/demiroglumarble.com\/tr\/","name":"Demiro\u011flu Marble | Turkish Natural Stone Sourcing & Export from Bal\u0131kesir","description":"","publisher":{"@id":"https:\/\/demiroglumarble.com\/tr\/#organization"},"potentialAction":[{"@type":"SearchAction","target":{"@type":"EntryPoint","urlTemplate":"https:\/\/demiroglumarble.com\/tr\/?s={search_term_string}"},"query-input":{"@type":"PropertyValueSpecification","valueRequired":true,"valueName":"search_term_string"}}],"inLanguage":"tr"},{"@type":"Organization","@id":"https:\/\/demiroglumarble.com\/tr\/#organization","name":"Demiro\u011flu Marble | Turkish Natural Stone Sourcing & Export from Bal\u0131kesir","url":"https:\/\/demiroglumarble.com\/tr\/","logo":{"@type":"ImageObject","inLanguage":"tr","@id":"https:\/\/demiroglumarble.com\/tr\/#\/schema\/logo\/image\/","url":"https:\/\/demiroglumarble.com\/wp-content\/uploads\/2025\/12\/logo-demiroglumarble-1.png","contentUrl":"https:\/\/demiroglumarble.com\/wp-content\/uploads\/2025\/12\/logo-demiroglumarble-1.png","width":602,"height":456,"caption":"Demiro\u011flu Marble | Turkish Natural Stone Sourcing & Export from Bal\u0131kesir"},"image":{"@id":"https:\/\/demiroglumarble.com\/tr\/#\/schema\/logo\/image\/"},"sameAs":["https:\/\/www.instagram.com\/demiroglumarble"]}]}},"_links":{"self":[{"href":"https:\/\/demiroglumarble.com\/tr\/wp-json\/wp\/v2\/pages\/6527","targetHints":{"allow":["GET"]}}],"collection":[{"href":"https:\/\/demiroglumarble.com\/tr\/wp-json\/wp\/v2\/pages"}],"about":[{"href":"https:\/\/demiroglumarble.com\/tr\/wp-json\/wp\/v2\/types\/page"}],"author":[{"embeddable":true,"href":"https:\/\/demiroglumarble.com\/tr\/wp-json\/wp\/v2\/users\/1"}],"replies":[{"embeddable":true,"href":"https:\/\/demiroglumarble.com\/tr\/wp-json\/wp\/v2\/comments?post=6527"}],"version-history":[{"count":3,"href":"https:\/\/demiroglumarble.com\/tr\/wp-json\/wp\/v2\/pages\/6527\/revisions"}],"predecessor-version":[{"id":6735,"href":"https:\/\/demiroglumarble.com\/tr\/wp-json\/wp\/v2\/pages\/6527\/revisions\/6735"}],"wp:attachment":[{"href":"https:\/\/demiroglumarble.com\/tr\/wp-json\/wp\/v2\/media?parent=6527"}],"curies":[{"name":"wp","href":"https:\/\/api.w.org\/{rel}","templated":true}]}}