{"id":6525,"date":"2026-01-06T08:20:40","date_gmt":"2026-01-06T05:20:40","guid":{"rendered":"https:\/\/demiroglumarble.com\/our-process\/"},"modified":"2026-03-24T16:03:12","modified_gmt":"2026-03-24T13:03:12","slug":"surecimiz","status":"publish","type":"page","link":"https:\/\/demiroglumarble.com\/tr\/surecimiz\/","title":{"rendered":"S\u00fcrecimiz"},"content":{"rendered":"<div class=\"wpb-content-wrapper\"><p>[vc_section css=&#8221;.vc_custom_1767693276649{background-image: url(https:\/\/demiroglumarble.com\/wp-content\/uploads\/2026\/01\/our-process-top-bg-3.jpg?id=5741) !important;background-position: center !important;background-repeat: no-repeat !important;background-size: cover !important;}&#8221;][vc_row css_animation=&#8221;none&#8221; row_content_width=&#8221;grid&#8221;][vc_column css_animation=&#8221;none&#8221; css=&#8221;.vc_custom_1767795906752{margin-top: 60px !important;}&#8221;]<div class=\"edgtf-animation-holder edgtf-fade-in-down\" data-animation=\"edgtf-fade-in-down\" data-animation-delay=\"300\"><div class=\"edgtf-animation-inner\"><div class=\"edgtf-section-title-holder  edgtf-st-vertical-lines  edgtf-st-position-left edgtf-appear-fx\" >\n\t        <span class=\"edgtf-st-vertical-top\" style=\"background-color: #000000\"><\/span>\n\t\t<div class=\"edgtf-st-inner\">\n                    <div class=\"edgtf-st-title-holder\">\n                <h1 class=\"edgtf-st-title\" style=\"color: #000000\">\n                    S\u00fcrecimiz                <\/h1>\n            <\/div>\n\t\t\t\t            <div class=\"edgtf-st-text-holder\">\n    \t\t\t<h6 class=\"edgtf-st-text\" style=\"color: #000000;font-size: 22px;line-height: 40px;font-weight: 500\">\n    \t\t\t\tSe\u00e7im. Denetim. Kusursuzluk.    \t\t\t<\/h6>\n            <\/div>\n\t\t\t<\/div>\n            <span class=\"edgtf-st-vertical-bottom\" style=\"background-color: #000000\"><\/span>\n    <\/div><\/div><\/div>[vc_column_text css=&#8221;&#8221;]<\/p>\n<p style=\"font-size: 20px; width: 60%; margin: 0px auto 55px; text-align: center;\">S\u00fcrecimiz hassasiyet \u00fczerine kuruludur. Biz ta\u015f \u00fcretmiyoruz, onu se\u00e7iyoruz (k\u00fcrat\u00f6rl\u00fck yap\u0131yoruz). Her sipari\u015f, k\u00fcresel pazarlara istikrarl\u0131 kalite sunmak i\u00e7in tasarlanm\u0131\u015f kontroll\u00fc bir i\u015f ak\u0131\u015f\u0131ndan ge\u00e7er.<\/p>\n<p>[\/vc_column_text][\/vc_column][\/vc_row][vc_row gap=&#8221;20&#8243; equal_height=&#8221;yes&#8221; css_animation=&#8221;fadeIn&#8221; row_content_width=&#8221;grid&#8221; el_class=&#8221;h-col-sourc&#8221;][vc_column css_animation=&#8221;none&#8221; width=&#8221;1\/5&#8243;]<div class=\"edgtf-image-with-text-holder   \">\n    <div class=\"edgtf-iwt-image\">\n                                    <img loading=\"lazy\" decoding=\"async\" src=\"https:\/\/demiroglumarble.com\/wp-content\/uploads\/2026\/01\/sourcing-box-1-250x380.jpg\" alt=\"\" width=\"250\" height=\"380\" \/>                        <\/div>\n    <div class=\"edgtf-iwt-text-holder\">\n                    <h2 class=\"edgtf-iwt-title\" >01.<\/h2>\n        \t\t    <\/div>\n<\/div>[vc_column_text css=&#8221;&#8221;]<\/p>\n<h3>TEDAR\u0130K<\/h3>\n<p>T\u00fcrkiye genelindeki onaylanm\u0131\u015f fabrika ve ocaklarla i\u015f birli\u011fi yaparak, her pazar\u0131n estetik ve teknik ihtiya\u00e7lar\u0131na uygun malzemeleri se\u00e7iyoruz. Mermer, traverten, limestone (kire\u00e7ta\u015f\u0131), oniks \u2014 tamam\u0131 bilin\u00e7li bir \u015fekilde se\u00e7ilmi\u015ftir.<\/p>\n<p>[\/vc_column_text][\/vc_column][vc_column width=&#8221;1\/5&#8243;]<div class=\"edgtf-image-with-text-holder   \">\n    <div class=\"edgtf-iwt-image\">\n                                    <img loading=\"lazy\" decoding=\"async\" src=\"https:\/\/demiroglumarble.com\/wp-content\/uploads\/2026\/01\/Inspection-Grading-box-1-250x380.jpg\" alt=\"\" width=\"250\" height=\"380\" \/>                        <\/div>\n    <div class=\"edgtf-iwt-text-holder\">\n                    <h2 class=\"edgtf-iwt-title\" >02.<\/h2>\n        \t\t    <\/div>\n<\/div>[vc_column_text css=&#8221;&#8221;]<\/p>\n<h3>DENET\u0130M VE SINIFLANDIRMA<\/h3>\n<p>Herhangi bir sevkiyat T\u00fcrkiye&#8217;den ayr\u0131lmadan \u00f6nce, her parti \u015fu a\u00e7\u0131lardan incelenir:<\/p>\n<ul>\n<li>Renk b\u00fct\u00fcnl\u00fc\u011f\u00fc ve damar yap\u0131s\u0131<\/li>\n<li>Y\u00fczey biti\u015fi ve kenar kalitesi<\/li>\n<li>Kalibrasyon ve kal\u0131nl\u0131k<\/li>\n<li>Do\u011fal varyasyon kabul seviyeleri<\/li>\n<\/ul>\n<p><em>Hi\u00e7bir \u015fey \u015fansa b\u0131rak\u0131lmaz.<\/em><\/p>\n<p>[\/vc_column_text][\/vc_column][vc_column width=&#8221;1\/5&#8243;]<div class=\"edgtf-image-with-text-holder   \">\n    <div class=\"edgtf-iwt-image\">\n                                    <img loading=\"lazy\" decoding=\"async\" src=\"https:\/\/demiroglumarble.com\/wp-content\/uploads\/2026\/01\/documentation-box-1-250x380.jpg\" alt=\"\" width=\"250\" height=\"380\" \/>                        <\/div>\n    <div class=\"edgtf-iwt-text-holder\">\n                    <h2 class=\"edgtf-iwt-title\" >03.<\/h2>\n        \t\t    <\/div>\n<\/div>[vc_column_text css=&#8221;&#8221;]<\/p>\n<h3>BELGELEME VE FOTO\u011eRAFLAMA<\/h3>\n<p>Her sevkiyat, \u015feffafl\u0131k ad\u0131na foto\u011fraflan\u0131r ve belgelenir. M\u00fc\u015fterilerimiz, se\u00e7ilen \u00fcr\u00fcnlerin ger\u00e7ek g\u00f6rsellerini al\u0131rlar \u2014 stok foto\u011fraf yok, s\u00fcrpriz yok.<\/p>\n<p>[\/vc_column_text][\/vc_column][vc_column width=&#8221;1\/5&#8243;]<div class=\"edgtf-image-with-text-holder   \">\n    <div class=\"edgtf-iwt-image\">\n                                    <img loading=\"lazy\" decoding=\"async\" src=\"https:\/\/demiroglumarble.com\/wp-content\/uploads\/2026\/01\/Secure-Packaging-box-1-250x380.jpg\" alt=\"\" width=\"250\" height=\"380\" \/>                        <\/div>\n    <div class=\"edgtf-iwt-text-holder\">\n                    <h2 class=\"edgtf-iwt-title\" >04.<\/h2>\n        \t\t    <\/div>\n<\/div>[vc_column_text css=&#8221;&#8221;]<\/p>\n<h3>G\u00dcVENL\u0130 PAKETLEME<\/h3>\n<p>T\u00fcm \u00fcr\u00fcnler, deniz ve kara ta\u015f\u0131mac\u0131l\u0131\u011f\u0131 s\u0131ras\u0131nda g\u00fcvenli\u011fi sa\u011flayacak \u015fekilde uluslararas\u0131 ihracat standartlar\u0131nda paketlenir.<\/p>\n<p>[\/vc_column_text][\/vc_column][vc_column width=&#8221;1\/5&#8243;]<div class=\"edgtf-image-with-text-holder   \">\n    <div class=\"edgtf-iwt-image\">\n                                    <img loading=\"lazy\" decoding=\"async\" src=\"https:\/\/demiroglumarble.com\/wp-content\/uploads\/2026\/01\/Global-Shipping-box-1-250x380.jpg\" alt=\"\" width=\"250\" height=\"380\" \/>                        <\/div>\n    <div class=\"edgtf-iwt-text-holder\">\n                    <h2 class=\"edgtf-iwt-title\" >05.<\/h2>\n        \t\t    <\/div>\n<\/div>[vc_column_text css=&#8221;&#8221;]<\/p>\n<h3>K\u00dcRESEL SEVKIYAT<\/h3>\n<p>Fabrikadan limana kadar lojisti\u011fi organize ediyor; ta\u015flar\u0131 d\u00fcnya \u00e7ap\u0131ndaki distrib\u00fct\u00f6rlere, toptanc\u0131lara ve proje m\u00fc\u015fterilerine her zaman, tam vaktinde ula\u015ft\u0131r\u0131yoruz.<\/p>\n<p>[\/vc_column_text][\/vc_column][\/vc_row][vc_row row_content_width=&#8221;grid&#8221; css=&#8221;.vc_custom_1767693775444{padding-top: 60px !important;padding-bottom: 120px !important;}&#8221;][vc_column css_animation=&#8221;flipInX&#8221; width=&#8221;1\/2&#8243; css=&#8221;.vc_custom_1767795823186{margin-bottom: 35px !important;}&#8221;]<a itemprop=\"url\" href=\"\/tr\/hakkimizda\/\" target=\"_self\"  class=\"edgtf-btn edgtf-btn-medium edgtf-btn-solid edgtf-btn-with-crosshair\"  >\n                        <span class=\"edgtf-btn-lines edgtf-line-1\" style=\"background-color: #999\"><\/span>\n                    <span class=\"edgtf-btn-lines edgtf-line-2\" style=\"background-color: #999\"><\/span>\n                    <span class=\"edgtf-btn-lines edgtf-line-3\" style=\"background-color: #999\"><\/span>\n                    <span class=\"edgtf-btn-lines edgtf-line-4\" style=\"background-color: #999\"><\/span>\n                    <span class=\"edgtf-btn-text\">Biz Kimiz?<\/span>\n                <\/a>[\/vc_column][vc_column css_animation=&#8221;flipInX&#8221; width=&#8221;1\/2&#8243; el_class=&#8221;h-col-right&#8221;]<a itemprop=\"url\" href=\"\/tr\/koleksiyonlar\/\" target=\"_self\"  class=\"edgtf-btn edgtf-btn-medium edgtf-btn-solid edgtf-btn-with-crosshair\"  >\n                        <span class=\"edgtf-btn-lines edgtf-line-1\" style=\"background-color: #999\"><\/span>\n                    <span class=\"edgtf-btn-lines edgtf-line-2\" style=\"background-color: #999\"><\/span>\n                    <span class=\"edgtf-btn-lines edgtf-line-3\" style=\"background-color: #999\"><\/span>\n                    <span class=\"edgtf-btn-lines edgtf-line-4\" style=\"background-color: #999\"><\/span>\n                    <span class=\"edgtf-btn-text\">\u00dcr\u00fcnlerimiz<\/span>\n                <\/a>[\/vc_column][\/vc_row][\/vc_section][vc_row css_animation=&#8221;slideInUp&#8221; css=&#8221;.vc_custom_1773848459380{padding-bottom: 35px !important;background-image: url(https:\/\/demiroglumarble.com\/wp-content\/uploads\/2026\/03\/h5-background-img-2.jpg?id=6246) !important;background-position: center !important;background-repeat: no-repeat !important;background-size: cover !important;}&#8221;][vc_column]<div class=\"edgtf-call-to-action-holder  edgtf-normal-layout edgtf-content-in-grid edgtf-three-quarters-columns\" >\n\t<div class=\"edgtf-cta-inner edgtf-grid\">\n\t\t<div class=\"edgtf-cta-text-holder\">\n\t\t\t<div class=\"edgtf-cta-text\">\n<h5><span style=\"color: #ffffff;\">\u00d6ZG\u00dcNL\u00dcK, KAL\u0130TE VE \u0130ST\u0130KRARA DE\u011eER VEREN B\u0130R TEDAR\u0130K ORTA\u011eI \u0130LE \u00c7ALI\u015eIN.<\/span><\/h5>\n<\/div>\n\t\t<\/div>\n\t\t<div class=\"edgtf-cta-button-holder\" >\n\t\t\t<div class=\"edgtf-cta-button\"><a itemprop=\"url\" href=\"\/tr\/iletisim\/\" target=\"_blank\" style=\"color: #202020;text-transform: capitalize;background-color: #ffffff\" class=\"edgtf-btn edgtf-btn-medium edgtf-btn-solid edgtf-btn-with-crosshair\"  >                        <span class=\"edgtf-btn-lines edgtf-line-1\" style=\"background-color: #999\"><\/span>                    <span class=\"edgtf-btn-lines edgtf-line-2\" style=\"background-color: #999\"><\/span>                    <span class=\"edgtf-btn-lines edgtf-line-3\" style=\"background-color: #999\"><\/span>                    <span class=\"edgtf-btn-lines edgtf-line-4\" style=\"background-color: #999\"><\/span>                    <span class=\"edgtf-btn-text\">\u0130leti\u015fime Ge\u00e7in<\/span>                <\/a><\/div>\n\t\t<\/div>\n\t<\/div>\n<\/div>[\/vc_column][\/vc_row]<\/p>\n<\/div>","protected":false},"excerpt":{"rendered":"<p>[vc_section css=&#8221;.vc_custom_1767693276649{background-image: url(https:\/\/demiroglumarble.com\/wp-content\/uploads\/2026\/01\/our-process-top-bg-3.jpg?id=5741) !important;background-position: center !important;background-repeat: no-repeat !important;background-size: cover !important;}&#8221;][vc_row css_animation=&#8221;none&#8221; row_content_width=&#8221;grid&#8221;][vc_column css_animation=&#8221;none&#8221; css=&#8221;.vc_custom_1767795906752{margin-top: 60px !important;}&#8221;][vc_column_text css=&#8221;&#8221;] S\u00fcrecimiz hassasiyet \u00fczerine kuruludur. Biz ta\u015f \u00fcretmiyoruz, onu se\u00e7iyoruz (k\u00fcrat\u00f6rl\u00fck yap\u0131yoruz). Her sipari\u015f, k\u00fcresel pazarlara istikrarl\u0131 kalite sunmak i\u00e7in tasarlanm\u0131\u015f kontroll\u00fc bir i\u015f [&hellip;]<\/p>\n","protected":false},"author":1,"featured_media":0,"parent":0,"menu_order":0,"comment_status":"closed","ping_status":"closed","template":"full-width.php","meta":{"footnotes":""},"class_list":["post-6525","page","type-page","status-publish","hentry"],"yoast_head":"<!-- This site is optimized with the Yoast SEO plugin v27.2 - https:\/\/yoast.com\/product\/yoast-seo-wordpress\/ -->\n<title>S\u00fcrecimiz | Demiro\u011flu Mermer | T\u00fcrk Do\u011fal Ta\u015f Tedarik ve \u0130hracat\u0131<\/title>\n<meta name=\"robots\" content=\"index, follow, max-snippet:-1, max-image-preview:large, max-video-preview:-1\" \/>\n<link rel=\"canonical\" href=\"https:\/\/demiroglumarble.com\/tr\/surecimiz\/\" \/>\n<meta property=\"og:locale\" content=\"tr_TR\" \/>\n<meta property=\"og:type\" content=\"article\" \/>\n<meta property=\"og:title\" content=\"S\u00fcrecimiz | Demiro\u011flu Mermer | T\u00fcrk Do\u011fal Ta\u015f Tedarik ve \u0130hracat\u0131\" \/>\n<meta property=\"og:description\" content=\"[vc_section css=&#8221;.vc_custom_1767693276649{background-image: url(https:\/\/demiroglumarble.com\/wp-content\/uploads\/2026\/01\/our-process-top-bg-3.jpg?id=5741) !important;background-position: center !important;background-repeat: no-repeat !important;background-size: cover !important;}&#8221;][vc_row css_animation=&#8221;none&#8221; row_content_width=&#8221;grid&#8221;][vc_column css_animation=&#8221;none&#8221; css=&#8221;.vc_custom_1767795906752{margin-top: 60px !important;}&#8221;][vc_column_text css=&#8221;&#8221;] S\u00fcrecimiz hassasiyet \u00fczerine kuruludur. Biz ta\u015f \u00fcretmiyoruz, onu se\u00e7iyoruz (k\u00fcrat\u00f6rl\u00fck yap\u0131yoruz). Her sipari\u015f, k\u00fcresel pazarlara istikrarl\u0131 kalite sunmak i\u00e7in tasarlanm\u0131\u015f kontroll\u00fc bir i\u015f [&hellip;]\" \/>\n<meta property=\"og:url\" content=\"https:\/\/demiroglumarble.com\/tr\/surecimiz\/\" \/>\n<meta property=\"og:site_name\" content=\"Demiro\u011flu Mermer | T\u00fcrk Do\u011fal Ta\u015f Tedarik ve \u0130hracat\u0131\" \/>\n<meta property=\"article:modified_time\" content=\"2026-03-24T13:03:12+00:00\" \/>\n<meta name=\"twitter:card\" content=\"summary_large_image\" \/>\n<meta name=\"twitter:label1\" content=\"Tahmini okuma s\u00fcresi\" \/>\n\t<meta name=\"twitter:data1\" content=\"3 dakika\" \/>\n<script type=\"application\/ld+json\" class=\"yoast-schema-graph\">{\"@context\":\"https:\/\/schema.org\",\"@graph\":[{\"@type\":\"WebPage\",\"@id\":\"https:\/\/demiroglumarble.com\/tr\/surecimiz\/\",\"url\":\"https:\/\/demiroglumarble.com\/tr\/surecimiz\/\",\"name\":\"S\u00fcrecimiz | Demiro\u011flu Mermer | T\u00fcrk Do\u011fal Ta\u015f Tedarik ve \u0130hracat\u0131\",\"isPartOf\":{\"@id\":\"https:\/\/demiroglumarble.com\/tr\/#website\"},\"datePublished\":\"2026-01-06T05:20:40+00:00\",\"dateModified\":\"2026-03-24T13:03:12+00:00\",\"breadcrumb\":{\"@id\":\"https:\/\/demiroglumarble.com\/tr\/surecimiz\/#breadcrumb\"},\"inLanguage\":\"tr\",\"potentialAction\":[{\"@type\":\"ReadAction\",\"target\":[\"https:\/\/demiroglumarble.com\/tr\/surecimiz\/\"]}]},{\"@type\":\"BreadcrumbList\",\"@id\":\"https:\/\/demiroglumarble.com\/tr\/surecimiz\/#breadcrumb\",\"itemListElement\":[{\"@type\":\"ListItem\",\"position\":1,\"name\":\"Home\",\"item\":\"https:\/\/demiroglumarble.com\/tr\/\"},{\"@type\":\"ListItem\",\"position\":2,\"name\":\"S\u00fcrecimiz\"}]},{\"@type\":\"WebSite\",\"@id\":\"https:\/\/demiroglumarble.com\/tr\/#website\",\"url\":\"https:\/\/demiroglumarble.com\/tr\/\",\"name\":\"Demiro\u011flu Marble | Turkish Natural Stone Sourcing & Export from Bal\u0131kesir\",\"description\":\"\",\"publisher\":{\"@id\":\"https:\/\/demiroglumarble.com\/tr\/#organization\"},\"potentialAction\":[{\"@type\":\"SearchAction\",\"target\":{\"@type\":\"EntryPoint\",\"urlTemplate\":\"https:\/\/demiroglumarble.com\/tr\/?s={search_term_string}\"},\"query-input\":{\"@type\":\"PropertyValueSpecification\",\"valueRequired\":true,\"valueName\":\"search_term_string\"}}],\"inLanguage\":\"tr\"},{\"@type\":\"Organization\",\"@id\":\"https:\/\/demiroglumarble.com\/tr\/#organization\",\"name\":\"Demiro\u011flu Marble | Turkish Natural Stone Sourcing & Export from Bal\u0131kesir\",\"url\":\"https:\/\/demiroglumarble.com\/tr\/\",\"logo\":{\"@type\":\"ImageObject\",\"inLanguage\":\"tr\",\"@id\":\"https:\/\/demiroglumarble.com\/tr\/#\/schema\/logo\/image\/\",\"url\":\"https:\/\/demiroglumarble.com\/wp-content\/uploads\/2025\/12\/logo-demiroglumarble-1.png\",\"contentUrl\":\"https:\/\/demiroglumarble.com\/wp-content\/uploads\/2025\/12\/logo-demiroglumarble-1.png\",\"width\":602,\"height\":456,\"caption\":\"Demiro\u011flu Marble | Turkish Natural Stone Sourcing & Export from Bal\u0131kesir\"},\"image\":{\"@id\":\"https:\/\/demiroglumarble.com\/tr\/#\/schema\/logo\/image\/\"},\"sameAs\":[\"https:\/\/www.instagram.com\/demiroglumarble\"]}]}<\/script>\n<!-- \/ Yoast SEO plugin. -->","yoast_head_json":{"title":"S\u00fcrecimiz | Demiro\u011flu Mermer | T\u00fcrk Do\u011fal Ta\u015f Tedarik ve \u0130hracat\u0131","robots":{"index":"index","follow":"follow","max-snippet":"max-snippet:-1","max-image-preview":"max-image-preview:large","max-video-preview":"max-video-preview:-1"},"canonical":"https:\/\/demiroglumarble.com\/tr\/surecimiz\/","og_locale":"tr_TR","og_type":"article","og_title":"S\u00fcrecimiz | Demiro\u011flu Mermer | T\u00fcrk Do\u011fal Ta\u015f Tedarik ve \u0130hracat\u0131","og_description":"[vc_section css=&#8221;.vc_custom_1767693276649{background-image: url(https:\/\/demiroglumarble.com\/wp-content\/uploads\/2026\/01\/our-process-top-bg-3.jpg?id=5741) !important;background-position: center !important;background-repeat: no-repeat !important;background-size: cover !important;}&#8221;][vc_row css_animation=&#8221;none&#8221; row_content_width=&#8221;grid&#8221;][vc_column css_animation=&#8221;none&#8221; css=&#8221;.vc_custom_1767795906752{margin-top: 60px !important;}&#8221;][vc_column_text css=&#8221;&#8221;] S\u00fcrecimiz hassasiyet \u00fczerine kuruludur. Biz ta\u015f \u00fcretmiyoruz, onu se\u00e7iyoruz (k\u00fcrat\u00f6rl\u00fck yap\u0131yoruz). Her sipari\u015f, k\u00fcresel pazarlara istikrarl\u0131 kalite sunmak i\u00e7in tasarlanm\u0131\u015f kontroll\u00fc bir i\u015f [&hellip;]","og_url":"https:\/\/demiroglumarble.com\/tr\/surecimiz\/","og_site_name":"Demiro\u011flu Mermer | T\u00fcrk Do\u011fal Ta\u015f Tedarik ve \u0130hracat\u0131","article_modified_time":"2026-03-24T13:03:12+00:00","twitter_card":"summary_large_image","twitter_misc":{"Tahmini okuma s\u00fcresi":"3 dakika"},"schema":{"@context":"https:\/\/schema.org","@graph":[{"@type":"WebPage","@id":"https:\/\/demiroglumarble.com\/tr\/surecimiz\/","url":"https:\/\/demiroglumarble.com\/tr\/surecimiz\/","name":"S\u00fcrecimiz | Demiro\u011flu Mermer | T\u00fcrk Do\u011fal Ta\u015f Tedarik ve \u0130hracat\u0131","isPartOf":{"@id":"https:\/\/demiroglumarble.com\/tr\/#website"},"datePublished":"2026-01-06T05:20:40+00:00","dateModified":"2026-03-24T13:03:12+00:00","breadcrumb":{"@id":"https:\/\/demiroglumarble.com\/tr\/surecimiz\/#breadcrumb"},"inLanguage":"tr","potentialAction":[{"@type":"ReadAction","target":["https:\/\/demiroglumarble.com\/tr\/surecimiz\/"]}]},{"@type":"BreadcrumbList","@id":"https:\/\/demiroglumarble.com\/tr\/surecimiz\/#breadcrumb","itemListElement":[{"@type":"ListItem","position":1,"name":"Home","item":"https:\/\/demiroglumarble.com\/tr\/"},{"@type":"ListItem","position":2,"name":"S\u00fcrecimiz"}]},{"@type":"WebSite","@id":"https:\/\/demiroglumarble.com\/tr\/#website","url":"https:\/\/demiroglumarble.com\/tr\/","name":"Demiro\u011flu Marble | Turkish Natural Stone Sourcing & Export from Bal\u0131kesir","description":"","publisher":{"@id":"https:\/\/demiroglumarble.com\/tr\/#organization"},"potentialAction":[{"@type":"SearchAction","target":{"@type":"EntryPoint","urlTemplate":"https:\/\/demiroglumarble.com\/tr\/?s={search_term_string}"},"query-input":{"@type":"PropertyValueSpecification","valueRequired":true,"valueName":"search_term_string"}}],"inLanguage":"tr"},{"@type":"Organization","@id":"https:\/\/demiroglumarble.com\/tr\/#organization","name":"Demiro\u011flu Marble | Turkish Natural Stone Sourcing & Export from Bal\u0131kesir","url":"https:\/\/demiroglumarble.com\/tr\/","logo":{"@type":"ImageObject","inLanguage":"tr","@id":"https:\/\/demiroglumarble.com\/tr\/#\/schema\/logo\/image\/","url":"https:\/\/demiroglumarble.com\/wp-content\/uploads\/2025\/12\/logo-demiroglumarble-1.png","contentUrl":"https:\/\/demiroglumarble.com\/wp-content\/uploads\/2025\/12\/logo-demiroglumarble-1.png","width":602,"height":456,"caption":"Demiro\u011flu Marble | Turkish Natural Stone Sourcing & Export from Bal\u0131kesir"},"image":{"@id":"https:\/\/demiroglumarble.com\/tr\/#\/schema\/logo\/image\/"},"sameAs":["https:\/\/www.instagram.com\/demiroglumarble"]}]}},"_links":{"self":[{"href":"https:\/\/demiroglumarble.com\/tr\/wp-json\/wp\/v2\/pages\/6525","targetHints":{"allow":["GET"]}}],"collection":[{"href":"https:\/\/demiroglumarble.com\/tr\/wp-json\/wp\/v2\/pages"}],"about":[{"href":"https:\/\/demiroglumarble.com\/tr\/wp-json\/wp\/v2\/types\/page"}],"author":[{"embeddable":true,"href":"https:\/\/demiroglumarble.com\/tr\/wp-json\/wp\/v2\/users\/1"}],"replies":[{"embeddable":true,"href":"https:\/\/demiroglumarble.com\/tr\/wp-json\/wp\/v2\/comments?post=6525"}],"version-history":[{"count":4,"href":"https:\/\/demiroglumarble.com\/tr\/wp-json\/wp\/v2\/pages\/6525\/revisions"}],"predecessor-version":[{"id":6729,"href":"https:\/\/demiroglumarble.com\/tr\/wp-json\/wp\/v2\/pages\/6525\/revisions\/6729"}],"wp:attachment":[{"href":"https:\/\/demiroglumarble.com\/tr\/wp-json\/wp\/v2\/media?parent=6525"}],"curies":[{"name":"wp","href":"https:\/\/api.w.org\/{rel}","templated":true}]}}