{"id":6522,"date":"2026-01-08T12:46:29","date_gmt":"2026-01-08T09:46:29","guid":{"rendered":"https:\/\/demiroglumarble.com\/contact-us\/"},"modified":"2026-03-26T11:10:28","modified_gmt":"2026-03-26T08:10:28","slug":"iletisim","status":"publish","type":"page","link":"https:\/\/demiroglumarble.com\/tr\/iletisim\/","title":{"rendered":"\u0130leti\u015fim"},"content":{"rendered":"<div class=\"wpb-content-wrapper\"><p>[vc_row][vc_column][vc_column_text css=&#8221;&#8221; el_class=&#8221;edge-large-text&#8221;]<iframe loading=\"lazy\" style=\"border: 0;\" src=\"https:\/\/www.google.com\/maps\/embed?pb=!1m18!1m12!1m3!1d3073.3652844731723!2d27.888546976079432!3d39.618978371578976!2m3!1f0!2f0!3f0!3m2!1i1024!2i768!4f13.1!3m3!1m2!1s0x14b700efe76ad1e7%3A0xffaef68922fd7df3!2zUGxldm5lLCDDh2HEn2xhciBTay4gTm86MTYvMTYgRDoyMCwgMTAxMDAgQWx0xLFleWzDvGwvQmFsxLFrZXNpcg!5e0!3m2!1str!2str!4v1767876339485!5m2!1str!2str\" width=\"100%\" height=\"450\" allowfullscreen=\"allowfullscreen\"><\/iframe>[\/vc_column_text][\/vc_column][\/vc_row][vc_row css_animation=&#8221;none&#8221; row_content_width=&#8221;grid&#8221; css=&#8221;.vc_custom_1767867822471{margin-top: 0px !important;margin-bottom: 45px !important;padding-top: 0px !important;}&#8221;][vc_column css_animation=&#8221;none&#8221; css=&#8221;.vc_custom_1767795906752{margin-top: 60px !important;}&#8221;][vc_column_text css=&#8221;&#8221;]<\/p>\n<h1>B\u0130ZE ULA\u015eIN<\/h1>\n<h2>ZAMANSIZ B\u0130R \u015eEYLER \u0130N\u015eA EDEL\u0130M<\/h2>\n<p style=\"font-size: 18px;\">\u0130ster distrib\u00fct\u00f6r, toptanc\u0131, in\u015faat\u00e7\u0131, mimar veya proje geli\u015ftiricisi olun; Demiro\u011flu Marble, pazar\u0131n\u0131za \u00f6zel olarak se\u00e7ilmi\u015f do\u011fal ta\u015f \u00e7\u00f6z\u00fcmleriyle size yard\u0131mc\u0131 olmaya haz\u0131rd\u0131r.<\/p>\n<p>[\/vc_column_text][\/vc_column][\/vc_row][vc_row content_placement=&#8221;top&#8221; css_animation=&#8221;none&#8221; row_content_width=&#8221;grid&#8221; css=&#8221;.vc_custom_1768208727052{margin-top: 0px !important;margin-bottom: 45px !important;padding-top: 0px !important;}&#8221;][vc_column css_animation=&#8221;none&#8221; width=&#8221;1\/2&#8243;][vc_column_text css=&#8221;&#8221;]<\/p>\n<h3>TEKL\u0130F \u0130STEY\u0130N<\/h3>\n<p>Proje detaylar\u0131n\u0131z\u0131, tercih etti\u011finiz malzemeleri, miktarlar\u0131 ve teknik \u00f6zellikleri payla\u015f\u0131n. Ekibimiz size \u00f6zel se\u00e7enekler, stok durumu, fiyatland\u0131rma ve ihracat detaylar\u0131yla d\u00f6n\u00fc\u015f yapacakt\u0131r.<\/p>\n<h3>NUMUNE \u0130STEY\u0130N<\/h3>\n<p>Mermer, traverten, limestone, oniks ve ya\u015fam tarz\u0131 koleksiyonlar\u0131 i\u00e7in numune kitleri sa\u011fl\u0131yoruz \u2014 talep \u00fczerine d\u00fcnya \u00e7ap\u0131nda g\u00f6nderim yap\u0131l\u0131r.<\/p>\n<p>[\/vc_column_text][\/vc_column][vc_column width=&#8221;1\/2&#8243;][vc_column_text css=&#8221;&#8221;]<\/p>\n<h3>GENEL SORULAR<\/h3>\n<p>\u0130\u015f ortakl\u0131klar\u0131, \u00fcr\u00fcn bilgileri, stok sorular\u0131 veya lojistik detaylar\u0131 i\u00e7in size yard\u0131mc\u0131 olmaya haz\u0131r\u0131z.<\/p>\n<p>[\/vc_column_text][vc_empty_space]<div class=\"edgtf-icon-list-holder \" style=\"margin-bottom: 20px\">\n\t<div class=\"edgtf-il-icon-holder\">\n\t\t<i class=\"edgtf-icon-linea-icon icon-basic-pin1 \" style=\"color: #202020;font-size: 21px\"><\/i>\t<\/div>\n\t<p class=\"edgtf-il-text\" style=\"color: #202020;font-size: 16px;padding-left: 32px\">Plevne Mahallesi \u00c7a\u011flar Sokak No:16\/20 Alt\u0131eyl\u00fcl \/ Bal\u0131kesir \/ T\u00dcRK\u0130YE<\/p>\n<\/div><div class=\"edgtf-icon-list-holder \" style=\"margin-bottom: 20px\">\n\t<div class=\"edgtf-il-icon-holder\">\n\t\t<i class=\"edgtf-icon-linea-icon icon-basic-clock \" style=\"color: #202020;font-size: 21px\"><\/i>\t<\/div>\n\t<p class=\"edgtf-il-text\" style=\"color: #202020;font-size: 16px;padding-left: 32px\">Pzt - Cmt 09:00 - 17:00<\/p>\n<\/div><div class=\"edgtf-icon-list-holder \" style=\"margin-bottom: 20px\">\n\t<div class=\"edgtf-il-icon-holder\">\n\t\t<i class=\"edgtf-icon-linea-icon icon-basic-headset \" style=\"color: #202020;font-size: 21px\"><\/i>\t<\/div>\n\t<p class=\"edgtf-il-text\" style=\"color: #202020;font-size: 16px;padding-left: 32px\">Bizi aray\u0131n +90 532 473 86 07<\/p>\n<\/div>[\/vc_column][\/vc_row][vc_row row_content_width=&#8221;grid&#8221; css=&#8221;.vc_custom_1768209018523{padding-top: 73px !important;padding-bottom: 75px !important;}&#8221;][vc_column]\n<div class=\"wpcf7 no-js\" id=\"wpcf7-f6597-o1\" lang=\"tr-TR\" dir=\"ltr\" data-wpcf7-id=\"6597\">\n<div class=\"screen-reader-response\"><p role=\"status\" aria-live=\"polite\" aria-atomic=\"true\"><\/p> <ul><\/ul><\/div>\n<form action=\"\/tr\/wp-json\/wp\/v2\/pages\/6522#wpcf7-f6597-o1\" method=\"post\" class=\"wpcf7-form init\" aria-label=\"\u0130leti\u015fim Formu\" novalidate=\"novalidate\" data-status=\"init\">\n<fieldset class=\"hidden-fields-container\"><input type=\"hidden\" name=\"_wpcf7\" value=\"6597\" \/><input type=\"hidden\" name=\"_wpcf7_version\" value=\"6.1.5\" \/><input type=\"hidden\" name=\"_wpcf7_locale\" value=\"tr_TR\" \/><input type=\"hidden\" name=\"_wpcf7_unit_tag\" value=\"wpcf7-f6597-o1\" \/><input type=\"hidden\" name=\"_wpcf7_container_post\" value=\"0\" \/><input type=\"hidden\" name=\"_wpcf7_posted_data_hash\" value=\"\" \/><input type=\"hidden\" name=\"_wpcf7_recaptcha_response\" value=\"\" \/>\n<\/fieldset>\n<div class=\"edgt-cf7-wrapper edgtf-custom-form\">\n\t<div class=\"edgtf-grid-row\">\n\t\t<div class=\"edgtf-grid-col-12\">\n\t\t\t<p><span class=\"wpcf7-form-control-wrap\" data-name=\"your-name\"><input size=\"40\" maxlength=\"400\" class=\"wpcf7-form-control wpcf7-text wpcf7-validates-as-required\" aria-required=\"true\" aria-invalid=\"false\" placeholder=\"Ad\u0131n\u0131z*\" value=\"\" type=\"text\" name=\"your-name\" \/><\/span>\n\t\t\t<\/p>\n\t\t<\/div>\n\t<\/div>\n\t<div class=\"edgtf-grid-row\">\n\t\t<div class=\"edgtf-grid-col-12\">\n\t\t\t<p><span class=\"wpcf7-form-control-wrap\" data-name=\"your-email\"><input size=\"40\" maxlength=\"400\" class=\"wpcf7-form-control wpcf7-text wpcf7-validates-as-required\" aria-required=\"true\" aria-invalid=\"false\" placeholder=\"E-posta*\" value=\"\" type=\"text\" name=\"your-email\" \/><\/span>\n\t\t\t<\/p>\n\t\t<\/div>\n\t<\/div>\n\t<div class=\"edgtf-grid-row\">\n\t\t<div class=\"edgtf-grid-col-12\">\n\t\t\t<p><span class=\"wpcf7-form-control-wrap\" data-name=\"your-message\"><textarea cols=\"40\" rows=\"6\" maxlength=\"2000\" class=\"wpcf7-form-control wpcf7-textarea\" aria-invalid=\"false\" placeholder=\"Mesaj\u0131n\u0131z\" name=\"your-message\"><\/textarea><\/span>\n\t\t\t<\/p>\n\t\t<\/div>\n\t<\/div>\n\t<div class=\"edgtf-grid-col-12\">\n\t\t<p><input class=\"wpcf7-form-control wpcf7-submit has-spinner\" type=\"submit\" value=\"G\u00f6nder\" \/>\n\t\t<\/p>\n\t<\/div>\n<\/div><div class=\"wpcf7-response-output\" aria-hidden=\"true\"><\/div>\n<\/form>\n<\/div>\n[\/vc_column][\/vc_row][vc_row row_content_width=&#8221;grid&#8221; css=&#8221;.vc_custom_1767693775444{padding-top: 60px !important;padding-bottom: 120px !important;}&#8221;][vc_column css_animation=&#8221;flipInX&#8221; width=&#8221;1\/2&#8243; css=&#8221;.vc_custom_1767795823186{margin-bottom: 35px !important;}&#8221;]<a itemprop=\"url\" href=\"\/tr\/hakkimizda\/\" target=\"_self\"  class=\"edgtf-btn edgtf-btn-medium edgtf-btn-solid edgtf-btn-with-crosshair\"  >\n                        <span class=\"edgtf-btn-lines edgtf-line-1\" style=\"background-color: #999\"><\/span>\n                    <span class=\"edgtf-btn-lines edgtf-line-2\" style=\"background-color: #999\"><\/span>\n                    <span class=\"edgtf-btn-lines edgtf-line-3\" style=\"background-color: #999\"><\/span>\n                    <span class=\"edgtf-btn-lines edgtf-line-4\" style=\"background-color: #999\"><\/span>\n                    <span class=\"edgtf-btn-text\">Biz Kimiz?<\/span>\n                <\/a>[\/vc_column][vc_column css_animation=&#8221;flipInX&#8221; width=&#8221;1\/2&#8243; el_class=&#8221;h-col-right&#8221;]<a itemprop=\"url\" href=\"\/tr\/koleksiyonlar\/\" target=\"_self\"  class=\"edgtf-btn edgtf-btn-medium edgtf-btn-solid edgtf-btn-with-crosshair\"  >\n                        <span class=\"edgtf-btn-lines edgtf-line-1\" style=\"background-color: #999\"><\/span>\n                    <span class=\"edgtf-btn-lines edgtf-line-2\" style=\"background-color: #999\"><\/span>\n                    <span class=\"edgtf-btn-lines edgtf-line-3\" style=\"background-color: #999\"><\/span>\n                    <span class=\"edgtf-btn-lines edgtf-line-4\" style=\"background-color: #999\"><\/span>\n                    <span class=\"edgtf-btn-text\">\u00dcr\u00fcnlerimiz<\/span>\n                <\/a>[\/vc_column][\/vc_row]<\/p>\n<\/div>","protected":false},"excerpt":{"rendered":"<p>[vc_row][vc_column][vc_column_text css=&#8221;&#8221; el_class=&#8221;edge-large-text&#8221;][\/vc_column_text][\/vc_column][\/vc_row][vc_row css_animation=&#8221;none&#8221; row_content_width=&#8221;grid&#8221; css=&#8221;.vc_custom_1767867822471{margin-top: 0px !important;margin-bottom: 45px !important;padding-top: 0px !important;}&#8221;][vc_column css_animation=&#8221;none&#8221; css=&#8221;.vc_custom_1767795906752{margin-top: 60px !important;}&#8221;][vc_column_text css=&#8221;&#8221;] B\u0130ZE ULA\u015eIN ZAMANSIZ B\u0130R \u015eEYLER \u0130N\u015eA EDEL\u0130M \u0130ster distrib\u00fct\u00f6r, toptanc\u0131, in\u015faat\u00e7\u0131, mimar veya proje geli\u015ftiricisi olun; Demiro\u011flu Marble, pazar\u0131n\u0131za \u00f6zel olarak se\u00e7ilmi\u015f do\u011fal [&hellip;]<\/p>\n","protected":false},"author":1,"featured_media":0,"parent":0,"menu_order":0,"comment_status":"closed","ping_status":"closed","template":"full-width.php","meta":{"footnotes":""},"class_list":["post-6522","page","type-page","status-publish","hentry"],"yoast_head":"<!-- This site is optimized with the Yoast SEO plugin v27.2 - https:\/\/yoast.com\/product\/yoast-seo-wordpress\/ -->\n<title>\u0130leti\u015fim | Demiro\u011flu Mermer | T\u00fcrk Do\u011fal Ta\u015f Tedarik ve \u0130hracat\u0131<\/title>\n<meta name=\"robots\" content=\"index, follow, max-snippet:-1, max-image-preview:large, max-video-preview:-1\" \/>\n<link rel=\"canonical\" href=\"https:\/\/demiroglumarble.com\/tr\/iletisim\/\" \/>\n<meta property=\"og:locale\" content=\"tr_TR\" \/>\n<meta property=\"og:type\" content=\"article\" \/>\n<meta property=\"og:title\" content=\"\u0130leti\u015fim | Demiro\u011flu Mermer | T\u00fcrk Do\u011fal Ta\u015f Tedarik ve \u0130hracat\u0131\" \/>\n<meta property=\"og:description\" content=\"[vc_row][vc_column][vc_column_text css=&#8221;&#8221; el_class=&#8221;edge-large-text&#8221;][\/vc_column_text][\/vc_column][\/vc_row][vc_row css_animation=&#8221;none&#8221; row_content_width=&#8221;grid&#8221; css=&#8221;.vc_custom_1767867822471{margin-top: 0px !important;margin-bottom: 45px !important;padding-top: 0px !important;}&#8221;][vc_column css_animation=&#8221;none&#8221; css=&#8221;.vc_custom_1767795906752{margin-top: 60px !important;}&#8221;][vc_column_text css=&#8221;&#8221;] B\u0130ZE ULA\u015eIN ZAMANSIZ B\u0130R \u015eEYLER \u0130N\u015eA EDEL\u0130M \u0130ster distrib\u00fct\u00f6r, toptanc\u0131, in\u015faat\u00e7\u0131, mimar veya proje geli\u015ftiricisi olun; Demiro\u011flu Marble, pazar\u0131n\u0131za \u00f6zel olarak se\u00e7ilmi\u015f do\u011fal [&hellip;]\" \/>\n<meta property=\"og:url\" content=\"https:\/\/demiroglumarble.com\/tr\/iletisim\/\" \/>\n<meta property=\"og:site_name\" content=\"Demiro\u011flu Mermer | T\u00fcrk Do\u011fal Ta\u015f Tedarik ve \u0130hracat\u0131\" \/>\n<meta property=\"article:modified_time\" content=\"2026-03-26T08:10:28+00:00\" \/>\n<meta name=\"twitter:card\" content=\"summary_large_image\" \/>\n<meta name=\"twitter:label1\" content=\"Tahmini okuma s\u00fcresi\" \/>\n\t<meta name=\"twitter:data1\" content=\"2 dakika\" \/>\n<script type=\"application\/ld+json\" class=\"yoast-schema-graph\">{\"@context\":\"https:\/\/schema.org\",\"@graph\":[{\"@type\":\"WebPage\",\"@id\":\"https:\/\/demiroglumarble.com\/tr\/iletisim\/\",\"url\":\"https:\/\/demiroglumarble.com\/tr\/iletisim\/\",\"name\":\"\u0130leti\u015fim | Demiro\u011flu Mermer | T\u00fcrk Do\u011fal Ta\u015f Tedarik ve \u0130hracat\u0131\",\"isPartOf\":{\"@id\":\"https:\/\/demiroglumarble.com\/tr\/#website\"},\"datePublished\":\"2026-01-08T09:46:29+00:00\",\"dateModified\":\"2026-03-26T08:10:28+00:00\",\"breadcrumb\":{\"@id\":\"https:\/\/demiroglumarble.com\/tr\/iletisim\/#breadcrumb\"},\"inLanguage\":\"tr\",\"potentialAction\":[{\"@type\":\"ReadAction\",\"target\":[\"https:\/\/demiroglumarble.com\/tr\/iletisim\/\"]}]},{\"@type\":\"BreadcrumbList\",\"@id\":\"https:\/\/demiroglumarble.com\/tr\/iletisim\/#breadcrumb\",\"itemListElement\":[{\"@type\":\"ListItem\",\"position\":1,\"name\":\"Home\",\"item\":\"https:\/\/demiroglumarble.com\/tr\/\"},{\"@type\":\"ListItem\",\"position\":2,\"name\":\"\u0130leti\u015fim\"}]},{\"@type\":\"WebSite\",\"@id\":\"https:\/\/demiroglumarble.com\/tr\/#website\",\"url\":\"https:\/\/demiroglumarble.com\/tr\/\",\"name\":\"Demiro\u011flu Marble | Turkish Natural Stone Sourcing & Export from Bal\u0131kesir\",\"description\":\"\",\"publisher\":{\"@id\":\"https:\/\/demiroglumarble.com\/tr\/#organization\"},\"potentialAction\":[{\"@type\":\"SearchAction\",\"target\":{\"@type\":\"EntryPoint\",\"urlTemplate\":\"https:\/\/demiroglumarble.com\/tr\/?s={search_term_string}\"},\"query-input\":{\"@type\":\"PropertyValueSpecification\",\"valueRequired\":true,\"valueName\":\"search_term_string\"}}],\"inLanguage\":\"tr\"},{\"@type\":\"Organization\",\"@id\":\"https:\/\/demiroglumarble.com\/tr\/#organization\",\"name\":\"Demiro\u011flu Marble | Turkish Natural Stone Sourcing & Export from Bal\u0131kesir\",\"url\":\"https:\/\/demiroglumarble.com\/tr\/\",\"logo\":{\"@type\":\"ImageObject\",\"inLanguage\":\"tr\",\"@id\":\"https:\/\/demiroglumarble.com\/tr\/#\/schema\/logo\/image\/\",\"url\":\"https:\/\/demiroglumarble.com\/wp-content\/uploads\/2025\/12\/logo-demiroglumarble-1.png\",\"contentUrl\":\"https:\/\/demiroglumarble.com\/wp-content\/uploads\/2025\/12\/logo-demiroglumarble-1.png\",\"width\":602,\"height\":456,\"caption\":\"Demiro\u011flu Marble | Turkish Natural Stone Sourcing & Export from Bal\u0131kesir\"},\"image\":{\"@id\":\"https:\/\/demiroglumarble.com\/tr\/#\/schema\/logo\/image\/\"},\"sameAs\":[\"https:\/\/www.instagram.com\/demiroglumarble\"]}]}<\/script>\n<!-- \/ Yoast SEO plugin. -->","yoast_head_json":{"title":"\u0130leti\u015fim | Demiro\u011flu Mermer | T\u00fcrk Do\u011fal Ta\u015f Tedarik ve \u0130hracat\u0131","robots":{"index":"index","follow":"follow","max-snippet":"max-snippet:-1","max-image-preview":"max-image-preview:large","max-video-preview":"max-video-preview:-1"},"canonical":"https:\/\/demiroglumarble.com\/tr\/iletisim\/","og_locale":"tr_TR","og_type":"article","og_title":"\u0130leti\u015fim | Demiro\u011flu Mermer | T\u00fcrk Do\u011fal Ta\u015f Tedarik ve \u0130hracat\u0131","og_description":"[vc_row][vc_column][vc_column_text css=&#8221;&#8221; el_class=&#8221;edge-large-text&#8221;][\/vc_column_text][\/vc_column][\/vc_row][vc_row css_animation=&#8221;none&#8221; row_content_width=&#8221;grid&#8221; css=&#8221;.vc_custom_1767867822471{margin-top: 0px !important;margin-bottom: 45px !important;padding-top: 0px !important;}&#8221;][vc_column css_animation=&#8221;none&#8221; css=&#8221;.vc_custom_1767795906752{margin-top: 60px !important;}&#8221;][vc_column_text css=&#8221;&#8221;] B\u0130ZE ULA\u015eIN ZAMANSIZ B\u0130R \u015eEYLER \u0130N\u015eA EDEL\u0130M \u0130ster distrib\u00fct\u00f6r, toptanc\u0131, in\u015faat\u00e7\u0131, mimar veya proje geli\u015ftiricisi olun; Demiro\u011flu Marble, pazar\u0131n\u0131za \u00f6zel olarak se\u00e7ilmi\u015f do\u011fal [&hellip;]","og_url":"https:\/\/demiroglumarble.com\/tr\/iletisim\/","og_site_name":"Demiro\u011flu Mermer | T\u00fcrk Do\u011fal Ta\u015f Tedarik ve \u0130hracat\u0131","article_modified_time":"2026-03-26T08:10:28+00:00","twitter_card":"summary_large_image","twitter_misc":{"Tahmini okuma s\u00fcresi":"2 dakika"},"schema":{"@context":"https:\/\/schema.org","@graph":[{"@type":"WebPage","@id":"https:\/\/demiroglumarble.com\/tr\/iletisim\/","url":"https:\/\/demiroglumarble.com\/tr\/iletisim\/","name":"\u0130leti\u015fim | Demiro\u011flu Mermer | T\u00fcrk Do\u011fal Ta\u015f Tedarik ve \u0130hracat\u0131","isPartOf":{"@id":"https:\/\/demiroglumarble.com\/tr\/#website"},"datePublished":"2026-01-08T09:46:29+00:00","dateModified":"2026-03-26T08:10:28+00:00","breadcrumb":{"@id":"https:\/\/demiroglumarble.com\/tr\/iletisim\/#breadcrumb"},"inLanguage":"tr","potentialAction":[{"@type":"ReadAction","target":["https:\/\/demiroglumarble.com\/tr\/iletisim\/"]}]},{"@type":"BreadcrumbList","@id":"https:\/\/demiroglumarble.com\/tr\/iletisim\/#breadcrumb","itemListElement":[{"@type":"ListItem","position":1,"name":"Home","item":"https:\/\/demiroglumarble.com\/tr\/"},{"@type":"ListItem","position":2,"name":"\u0130leti\u015fim"}]},{"@type":"WebSite","@id":"https:\/\/demiroglumarble.com\/tr\/#website","url":"https:\/\/demiroglumarble.com\/tr\/","name":"Demiro\u011flu Marble | Turkish Natural Stone Sourcing & Export from Bal\u0131kesir","description":"","publisher":{"@id":"https:\/\/demiroglumarble.com\/tr\/#organization"},"potentialAction":[{"@type":"SearchAction","target":{"@type":"EntryPoint","urlTemplate":"https:\/\/demiroglumarble.com\/tr\/?s={search_term_string}"},"query-input":{"@type":"PropertyValueSpecification","valueRequired":true,"valueName":"search_term_string"}}],"inLanguage":"tr"},{"@type":"Organization","@id":"https:\/\/demiroglumarble.com\/tr\/#organization","name":"Demiro\u011flu Marble | Turkish Natural Stone Sourcing & Export from Bal\u0131kesir","url":"https:\/\/demiroglumarble.com\/tr\/","logo":{"@type":"ImageObject","inLanguage":"tr","@id":"https:\/\/demiroglumarble.com\/tr\/#\/schema\/logo\/image\/","url":"https:\/\/demiroglumarble.com\/wp-content\/uploads\/2025\/12\/logo-demiroglumarble-1.png","contentUrl":"https:\/\/demiroglumarble.com\/wp-content\/uploads\/2025\/12\/logo-demiroglumarble-1.png","width":602,"height":456,"caption":"Demiro\u011flu Marble | Turkish Natural Stone Sourcing & Export from Bal\u0131kesir"},"image":{"@id":"https:\/\/demiroglumarble.com\/tr\/#\/schema\/logo\/image\/"},"sameAs":["https:\/\/www.instagram.com\/demiroglumarble"]}]}},"_links":{"self":[{"href":"https:\/\/demiroglumarble.com\/tr\/wp-json\/wp\/v2\/pages\/6522","targetHints":{"allow":["GET"]}}],"collection":[{"href":"https:\/\/demiroglumarble.com\/tr\/wp-json\/wp\/v2\/pages"}],"about":[{"href":"https:\/\/demiroglumarble.com\/tr\/wp-json\/wp\/v2\/types\/page"}],"author":[{"embeddable":true,"href":"https:\/\/demiroglumarble.com\/tr\/wp-json\/wp\/v2\/users\/1"}],"replies":[{"embeddable":true,"href":"https:\/\/demiroglumarble.com\/tr\/wp-json\/wp\/v2\/comments?post=6522"}],"version-history":[{"count":6,"href":"https:\/\/demiroglumarble.com\/tr\/wp-json\/wp\/v2\/pages\/6522\/revisions"}],"predecessor-version":[{"id":6757,"href":"https:\/\/demiroglumarble.com\/tr\/wp-json\/wp\/v2\/pages\/6522\/revisions\/6757"}],"wp:attachment":[{"href":"https:\/\/demiroglumarble.com\/tr\/wp-json\/wp\/v2\/media?parent=6522"}],"curies":[{"name":"wp","href":"https:\/\/api.w.org\/{rel}","templated":true}]}}