{"id":6339,"date":"2026-01-08T09:38:25","date_gmt":"2026-01-08T06:38:25","guid":{"rendered":"https:\/\/demiroglumarble.com\/uygulamalar-kullanim-alanlari\/outdoor-pools\/"},"modified":"2026-03-26T11:04:04","modified_gmt":"2026-03-26T08:04:04","slug":"dis-mekan-ve-havuzlar","status":"publish","type":"page","link":"https:\/\/demiroglumarble.com\/tr\/uygulamalar-kullanim-alanlari\/dis-mekan-ve-havuzlar\/","title":{"rendered":"D\u0131\u015f Mekan ve Havuzlar"},"content":{"rendered":"<div class=\"wpb-content-wrapper\"><p>[vc_section css=&#8221;.vc_custom_1767693276649{background-image: url(https:\/\/demiroglumarble.com\/wp-content\/uploads\/2026\/01\/our-process-top-bg-3.jpg?id=5741) !important;background-position: center !important;background-repeat: no-repeat !important;background-size: cover !important;}&#8221;][vc_row css_animation=&#8221;none&#8221; row_content_width=&#8221;grid&#8221;][vc_column css=&#8221;.vc_custom_1767702794400{margin-top: 60px !important;margin-bottom: 40px !important;}&#8221;]<div class=\"edgtf-animation-holder edgtf-element-from-top\" data-animation=\"edgtf-element-from-top\" data-animation-delay=\"300\"><div class=\"edgtf-animation-inner\"><div class=\"edgtf-section-title-holder  edgtf-st-vertical-lines  edgtf-st-position-left edgtf-appear-fx\" >\n\t        <span class=\"edgtf-st-vertical-top\" style=\"background-color: #000000\"><\/span>\n\t\t<div class=\"edgtf-st-inner\">\n                    <div class=\"edgtf-st-title-holder\">\n                <h1 class=\"edgtf-st-title\" style=\"color: #000000\">\n                    DI\u015e MEKAN VE HAVUZLAR                <\/h1>\n            <\/div>\n\t\t\t\t            <div class=\"edgtf-st-text-holder\">\n    \t\t\t<h6 class=\"edgtf-st-text\" style=\"color: #000000;font-size: 22px;line-height: 40px;font-weight: 500\">\n    \t\t\t\tT\u00dcRK\u0130YE'DEN TEDAR\u0130K ED\u0130LEN DO\u011eAL TA\u015e KOLEKS\u0130YONLARI    \t\t\t<\/h6>\n            <\/div>\n\t\t\t<\/div>\n            <span class=\"edgtf-st-vertical-bottom\" style=\"background-color: #000000\"><\/span>\n    <\/div><\/div><\/div>[vc_column_text css=&#8221;&#8221;]<\/p>\n<p style=\"font-size: 20px; width: 60%; margin: 0px auto 55px; text-align: center;\">Kaymaz y\u00fczey biti\u015fleri ve hava ko\u015fullar\u0131na dayan\u0131kl\u0131 yo\u011funlu\u011fu, ta\u015f\u0131 d\u0131\u015f mekan peyzajlar\u0131 ve havuz kenarlar\u0131 i\u00e7in ideal bir se\u00e7im haline getirir.<\/p>\n<p>[\/vc_column_text]<div class=\"edgtf-animation-holder edgtf-element-from-fade\" data-animation=\"edgtf-element-from-fade\" data-animation-delay=\"600\"><div class=\"edgtf-animation-inner\"><div class=\"edgtf-image-gallery  edgtf-ig-carousel-type edgtf-large-space  edgtf-image-behavior-lightbox \">\n\t<div class=\"edgtf-ig-slider edgtf-owl-slider\" data-number-of-items=\"2\" data-enable-loop=\"yes\" data-enable-autoplay=\"yes\" data-slider-speed=\"5000\" data-slider-speed-animation=\"600\" data-slider-padding=\"no\" data-enable-navigation=\"yes\" data-enable-pagination=\"yes\">\n\t\t\t\t\t<div class=\"edgtf-ig-image\">\n\t\t\t\t\t\t\t\t\t<a itemprop=\"image\" class=\"edgtf-ig-lightbox edgtf-block-drag-link\" href=\"https:\/\/demiroglumarble.com\/wp-content\/uploads\/2026\/01\/outdoor-pools-gal-101.jpg\" data-rel=\"prettyPhoto[image_gallery_pretty_photo-719]\" title=\"outdoor-pools-gal-101\">\n\t\t\t\t\t\t\t\t\t<img loading=\"lazy\" decoding=\"async\" width=\"150\" height=\"150\" src=\"https:\/\/demiroglumarble.com\/wp-content\/uploads\/2026\/01\/outdoor-pools-gal-101-150x150.jpg\" class=\"attachment-thumbnail size-thumbnail\" alt=\"\" srcset=\"https:\/\/demiroglumarble.com\/wp-content\/uploads\/2026\/01\/outdoor-pools-gal-101-150x150.jpg 150w, https:\/\/demiroglumarble.com\/wp-content\/uploads\/2026\/01\/outdoor-pools-gal-101-550x550.jpg 550w\" sizes=\"auto, (max-width: 150px) 100vw, 150px\" \/>\t\t\t\t\t\t\t\t\t<\/a>\n\t\t\t\t\t\t\t<\/div>\n\t\t\t\t\t<div class=\"edgtf-ig-image\">\n\t\t\t\t\t\t\t\t\t<a itemprop=\"image\" class=\"edgtf-ig-lightbox edgtf-block-drag-link\" href=\"https:\/\/demiroglumarble.com\/wp-content\/uploads\/2026\/01\/outdoor-gal-1.jpg\" data-rel=\"prettyPhoto[image_gallery_pretty_photo-719]\" title=\"outdoor-gal-1\">\n\t\t\t\t\t\t\t\t\t<img loading=\"lazy\" decoding=\"async\" width=\"150\" height=\"150\" src=\"https:\/\/demiroglumarble.com\/wp-content\/uploads\/2026\/01\/outdoor-gal-1-150x150.jpg\" class=\"attachment-thumbnail size-thumbnail\" alt=\"\" srcset=\"https:\/\/demiroglumarble.com\/wp-content\/uploads\/2026\/01\/outdoor-gal-1-150x150.jpg 150w, https:\/\/demiroglumarble.com\/wp-content\/uploads\/2026\/01\/outdoor-gal-1-550x550.jpg 550w\" sizes=\"auto, (max-width: 150px) 100vw, 150px\" \/>\t\t\t\t\t\t\t\t\t<\/a>\n\t\t\t\t\t\t\t<\/div>\n\t\t\t<\/div>\n<\/div><\/div><\/div>[vc_empty_space height=&#8221;60px&#8221;][\/vc_column][\/vc_row][\/vc_section][vc_row row_content_width=&#8221;grid&#8221; css=&#8221;.vc_custom_1767701201579{padding-top: 60px !important;padding-bottom: 120px !important;}&#8221;][vc_column][vc_column_text css=&#8221;&#8221;]<\/p>\n<h2 class=\"wpb_heading wpb_gallery_heading\">Galeri<\/h2>\n<p>[\/vc_column_text][vc_empty_space height=&#8221;65px&#8221;]<div class=\"edgtf-image-gallery  edgtf-ig-grid-type edgtf-normal-space  edgtf-image-behavior-lightbox \">\n\t<div class=\"edgtf-ig-inner edgtf-outer-space edgtf-ig-grid edgtf-ig-four-columns\">\n\t\t\t\t\t<div class=\"edgtf-ig-image edgtf-item-space\">\n\t\t\t\t<div class=\"edgtf-ig-image-inner\">\n\t\t\t\t\t\t\t\t\t\t\t<a itemprop=\"image\" class=\"edgtf-ig-lightbox\" href=\"https:\/\/demiroglumarble.com\/wp-content\/uploads\/2026\/01\/outdoor-gal-2.jpg\" data-rel=\"prettyPhoto[image_gallery_pretty_photo-346]\" title=\"outdoor-gal-2\">\n\t\t\t\t\t\t\t\t\t\t\t<img loading=\"lazy\" decoding=\"async\" src=\"https:\/\/demiroglumarble.com\/wp-content\/uploads\/2026\/01\/outdoor-gal-2-290x290.jpg\" alt=\"\" width=\"290\" height=\"290\" \/>\t\t\t\t\t\t\t\t\t\t\t<\/a>\n\t\t\t\t\t\t\t\t\t<\/div>\n\t\t\t<\/div>\n\t\t\t\t\t<div class=\"edgtf-ig-image edgtf-item-space\">\n\t\t\t\t<div class=\"edgtf-ig-image-inner\">\n\t\t\t\t\t\t\t\t\t\t\t<a itemprop=\"image\" class=\"edgtf-ig-lightbox\" href=\"https:\/\/demiroglumarble.com\/wp-content\/uploads\/2026\/01\/outdoor-gal-1.jpg\" data-rel=\"prettyPhoto[image_gallery_pretty_photo-346]\" title=\"outdoor-gal-1\">\n\t\t\t\t\t\t\t\t\t\t\t<img loading=\"lazy\" decoding=\"async\" src=\"https:\/\/demiroglumarble.com\/wp-content\/uploads\/2026\/01\/outdoor-gal-1-290x290.jpg\" alt=\"\" width=\"290\" height=\"290\" \/>\t\t\t\t\t\t\t\t\t\t\t<\/a>\n\t\t\t\t\t\t\t\t\t<\/div>\n\t\t\t<\/div>\n\t\t\t\t\t<div class=\"edgtf-ig-image edgtf-item-space\">\n\t\t\t\t<div class=\"edgtf-ig-image-inner\">\n\t\t\t\t\t\t\t\t\t\t\t<a itemprop=\"image\" class=\"edgtf-ig-lightbox\" href=\"https:\/\/demiroglumarble.com\/wp-content\/uploads\/2026\/01\/outdoor-pools-gal-101.jpg\" data-rel=\"prettyPhoto[image_gallery_pretty_photo-346]\" title=\"outdoor-pools-gal-101\">\n\t\t\t\t\t\t\t\t\t\t\t<img loading=\"lazy\" decoding=\"async\" src=\"https:\/\/demiroglumarble.com\/wp-content\/uploads\/2026\/01\/outdoor-pools-gal-101-290x290.jpg\" alt=\"\" width=\"290\" height=\"290\" \/>\t\t\t\t\t\t\t\t\t\t\t<\/a>\n\t\t\t\t\t\t\t\t\t<\/div>\n\t\t\t<\/div>\n\t\t\t\t\t<div class=\"edgtf-ig-image edgtf-item-space\">\n\t\t\t\t<div class=\"edgtf-ig-image-inner\">\n\t\t\t\t\t\t\t\t\t\t\t<a itemprop=\"image\" class=\"edgtf-ig-lightbox\" href=\"https:\/\/demiroglumarble.com\/wp-content\/uploads\/2025\/12\/outdoor-products-top-1.jpg\" data-rel=\"prettyPhoto[image_gallery_pretty_photo-346]\" title=\"outdoor-products-top-1\">\n\t\t\t\t\t\t\t\t\t\t\t<img loading=\"lazy\" decoding=\"async\" src=\"https:\/\/demiroglumarble.com\/wp-content\/uploads\/2025\/12\/outdoor-products-top-1-290x290.jpg\" alt=\"\" width=\"290\" height=\"290\" \/>\t\t\t\t\t\t\t\t\t\t\t<\/a>\n\t\t\t\t\t\t\t\t\t<\/div>\n\t\t\t<\/div>\n\t\t\t\t\t<div class=\"edgtf-ig-image edgtf-item-space\">\n\t\t\t\t<div class=\"edgtf-ig-image-inner\">\n\t\t\t\t\t\t\t\t\t\t\t<a itemprop=\"image\" class=\"edgtf-ig-lightbox\" href=\"https:\/\/demiroglumarble.com\/wp-content\/uploads\/2026\/03\/Travertine-gal-pool-coping-1.jpg\" data-rel=\"prettyPhoto[image_gallery_pretty_photo-346]\" title=\"Travertine-gal-pool-coping-1\">\n\t\t\t\t\t\t\t\t\t\t\t<img loading=\"lazy\" decoding=\"async\" src=\"https:\/\/demiroglumarble.com\/wp-content\/uploads\/2026\/03\/Travertine-gal-pool-coping-1-290x290.jpg\" alt=\"\" width=\"290\" height=\"290\" \/>\t\t\t\t\t\t\t\t\t\t\t<\/a>\n\t\t\t\t\t\t\t\t\t<\/div>\n\t\t\t<\/div>\n\t\t\t<\/div>\n<\/div>[\/vc_column][\/vc_row][vc_row row_content_width=&#8221;grid&#8221; css=&#8221;.vc_custom_1767702903390{padding-top: 10px !important;padding-bottom: 120px !important;}&#8221;][vc_column css_animation=&#8221;flipInX&#8221; width=&#8221;1\/2&#8243; css=&#8221;.vc_custom_1767795366177{margin-bottom: 35px !important;}&#8221;]<a itemprop=\"url\" href=\"\/tr\/uygulamalar-kullanim-alanlari\/\" target=\"_self\"  class=\"edgtf-btn edgtf-btn-medium edgtf-btn-solid edgtf-btn-with-crosshair\"  >\n                        <span class=\"edgtf-btn-lines edgtf-line-1\" style=\"background-color: #999\"><\/span>\n                    <span class=\"edgtf-btn-lines edgtf-line-2\" style=\"background-color: #999\"><\/span>\n                    <span class=\"edgtf-btn-lines edgtf-line-3\" style=\"background-color: #999\"><\/span>\n                    <span class=\"edgtf-btn-lines edgtf-line-4\" style=\"background-color: #999\"><\/span>\n                    <span class=\"edgtf-btn-text\">Geri<\/span>\n                <\/a>[\/vc_column][vc_column css_animation=&#8221;flipInX&#8221; width=&#8221;1\/2&#8243; el_class=&#8221;h-col-right&#8221;]<a itemprop=\"url\" href=\"\/tr\/koleksiyonlar\/\" target=\"_self\"  class=\"edgtf-btn edgtf-btn-medium edgtf-btn-solid edgtf-btn-with-crosshair\"  >\n                        <span class=\"edgtf-btn-lines edgtf-line-1\" style=\"background-color: #999\"><\/span>\n                    <span class=\"edgtf-btn-lines edgtf-line-2\" style=\"background-color: #999\"><\/span>\n                    <span class=\"edgtf-btn-lines edgtf-line-3\" style=\"background-color: #999\"><\/span>\n                    <span class=\"edgtf-btn-lines edgtf-line-4\" style=\"background-color: #999\"><\/span>\n                    <span class=\"edgtf-btn-text\">\u00dcr\u00fcnler<\/span>\n                <\/a>[\/vc_column][\/vc_row][vc_row css_animation=&#8221;slideInUp&#8221; css=&#8221;.vc_custom_1773848584661{padding-bottom: 35px !important;background-image: url(https:\/\/demiroglumarble.com\/wp-content\/uploads\/2026\/03\/h5-background-img-2.jpg?id=6246) !important;background-position: center !important;background-repeat: no-repeat !important;background-size: cover !important;}&#8221;][vc_column]<div class=\"edgtf-call-to-action-holder  edgtf-normal-layout edgtf-content-in-grid edgtf-three-quarters-columns\" >\n\t<div class=\"edgtf-cta-inner edgtf-grid\">\n\t\t<div class=\"edgtf-cta-text-holder\">\n\t\t\t<div class=\"edgtf-cta-text\">\n<h5><span style=\"color: #ffffff;\">\u00d6ZG\u00dcNL\u00dcK, KAL\u0130TE VE \u0130ST\u0130KRARA DE\u011eER VEREN B\u0130R TEDAR\u0130K ORTA\u011eI \u0130LE \u00c7ALI\u015eIN.<\/span><\/h5>\n<\/div>\n\t\t<\/div>\n\t\t<div class=\"edgtf-cta-button-holder\" >\n\t\t\t<div class=\"edgtf-cta-button\"><a itemprop=\"url\" href=\"\/tr\/iletisim\/\" target=\"_self\" style=\"color: #202020;text-transform: capitalize;background-color: #ffffff\" class=\"edgtf-btn edgtf-btn-medium edgtf-btn-solid edgtf-btn-with-crosshair\"  >                        <span class=\"edgtf-btn-lines edgtf-line-1\" style=\"background-color: #999\"><\/span>                    <span class=\"edgtf-btn-lines edgtf-line-2\" style=\"background-color: #999\"><\/span>                    <span class=\"edgtf-btn-lines edgtf-line-3\" style=\"background-color: #999\"><\/span>                    <span class=\"edgtf-btn-lines edgtf-line-4\" style=\"background-color: #999\"><\/span>                    <span class=\"edgtf-btn-text\">\u0130leti\u015fime Ge\u00e7in<\/span>                <\/a><\/div>\n\t\t<\/div>\n\t<\/div>\n<\/div>[\/vc_column][\/vc_row]<\/p>\n<\/div>","protected":false},"excerpt":{"rendered":"<p>[vc_section css=&#8221;.vc_custom_1767693276649{background-image: url(https:\/\/demiroglumarble.com\/wp-content\/uploads\/2026\/01\/our-process-top-bg-3.jpg?id=5741) !important;background-position: center !important;background-repeat: no-repeat !important;background-size: cover !important;}&#8221;][vc_row css_animation=&#8221;none&#8221; row_content_width=&#8221;grid&#8221;][vc_column css=&#8221;.vc_custom_1767702794400{margin-top: 60px !important;margin-bottom: 40px !important;}&#8221;][vc_column_text css=&#8221;&#8221;] Kaymaz y\u00fczey biti\u015fleri ve hava ko\u015fullar\u0131na dayan\u0131kl\u0131 yo\u011funlu\u011fu, ta\u015f\u0131 d\u0131\u015f mekan peyzajlar\u0131 ve havuz kenarlar\u0131 i\u00e7in ideal bir se\u00e7im haline getirir. [\/vc_column_text][vc_empty_space [&hellip;]<\/p>\n","protected":false},"author":1,"featured_media":0,"parent":6316,"menu_order":0,"comment_status":"closed","ping_status":"closed","template":"full-width.php","meta":{"footnotes":""},"class_list":["post-6339","page","type-page","status-publish","hentry"],"yoast_head":"<!-- This site is optimized with the Yoast SEO plugin v27.2 - https:\/\/yoast.com\/product\/yoast-seo-wordpress\/ -->\n<title>D\u0131\u015f Mekan ve Havuzlar | Demiro\u011flu Mermer | T\u00fcrk Do\u011fal Ta\u015f Tedarik ve \u0130hracat\u0131<\/title>\n<meta name=\"robots\" content=\"index, follow, max-snippet:-1, max-image-preview:large, max-video-preview:-1\" \/>\n<link rel=\"canonical\" href=\"https:\/\/demiroglumarble.com\/tr\/uygulamalar-kullanim-alanlari\/dis-mekan-ve-havuzlar\/\" \/>\n<meta property=\"og:locale\" content=\"tr_TR\" \/>\n<meta property=\"og:type\" content=\"article\" \/>\n<meta property=\"og:title\" content=\"D\u0131\u015f Mekan ve Havuzlar | Demiro\u011flu Mermer | T\u00fcrk Do\u011fal Ta\u015f Tedarik ve \u0130hracat\u0131\" \/>\n<meta property=\"og:description\" content=\"[vc_section css=&#8221;.vc_custom_1767693276649{background-image: url(https:\/\/demiroglumarble.com\/wp-content\/uploads\/2026\/01\/our-process-top-bg-3.jpg?id=5741) !important;background-position: center !important;background-repeat: no-repeat !important;background-size: cover !important;}&#8221;][vc_row css_animation=&#8221;none&#8221; row_content_width=&#8221;grid&#8221;][vc_column css=&#8221;.vc_custom_1767702794400{margin-top: 60px !important;margin-bottom: 40px !important;}&#8221;][vc_column_text css=&#8221;&#8221;] Kaymaz y\u00fczey biti\u015fleri ve hava ko\u015fullar\u0131na dayan\u0131kl\u0131 yo\u011funlu\u011fu, ta\u015f\u0131 d\u0131\u015f mekan peyzajlar\u0131 ve havuz kenarlar\u0131 i\u00e7in ideal bir se\u00e7im haline getirir. [\/vc_column_text][vc_empty_space [&hellip;]\" \/>\n<meta property=\"og:url\" content=\"https:\/\/demiroglumarble.com\/tr\/uygulamalar-kullanim-alanlari\/dis-mekan-ve-havuzlar\/\" \/>\n<meta property=\"og:site_name\" content=\"Demiro\u011flu Mermer | T\u00fcrk Do\u011fal Ta\u015f Tedarik ve \u0130hracat\u0131\" \/>\n<meta property=\"article:modified_time\" content=\"2026-03-26T08:04:04+00:00\" \/>\n<meta name=\"twitter:card\" content=\"summary_large_image\" \/>\n<meta name=\"twitter:label1\" content=\"Tahmini okuma s\u00fcresi\" \/>\n\t<meta name=\"twitter:data1\" content=\"2 dakika\" \/>\n<script type=\"application\/ld+json\" class=\"yoast-schema-graph\">{\"@context\":\"https:\/\/schema.org\",\"@graph\":[{\"@type\":\"WebPage\",\"@id\":\"https:\/\/demiroglumarble.com\/tr\/uygulamalar-kullanim-alanlari\/dis-mekan-ve-havuzlar\/\",\"url\":\"https:\/\/demiroglumarble.com\/tr\/uygulamalar-kullanim-alanlari\/dis-mekan-ve-havuzlar\/\",\"name\":\"D\u0131\u015f Mekan ve Havuzlar | Demiro\u011flu Mermer | T\u00fcrk Do\u011fal Ta\u015f Tedarik ve \u0130hracat\u0131\",\"isPartOf\":{\"@id\":\"https:\/\/demiroglumarble.com\/tr\/#website\"},\"datePublished\":\"2026-01-08T06:38:25+00:00\",\"dateModified\":\"2026-03-26T08:04:04+00:00\",\"breadcrumb\":{\"@id\":\"https:\/\/demiroglumarble.com\/tr\/uygulamalar-kullanim-alanlari\/dis-mekan-ve-havuzlar\/#breadcrumb\"},\"inLanguage\":\"tr\",\"potentialAction\":[{\"@type\":\"ReadAction\",\"target\":[\"https:\/\/demiroglumarble.com\/tr\/uygulamalar-kullanim-alanlari\/dis-mekan-ve-havuzlar\/\"]}]},{\"@type\":\"BreadcrumbList\",\"@id\":\"https:\/\/demiroglumarble.com\/tr\/uygulamalar-kullanim-alanlari\/dis-mekan-ve-havuzlar\/#breadcrumb\",\"itemListElement\":[{\"@type\":\"ListItem\",\"position\":1,\"name\":\"Home\",\"item\":\"https:\/\/demiroglumarble.com\/tr\/\"},{\"@type\":\"ListItem\",\"position\":2,\"name\":\"UYGULAMALAR \/ KULLANIM ALANLARI\",\"item\":\"https:\/\/demiroglumarble.com\/tr\/uygulamalar-kullanim-alanlari\/\"},{\"@type\":\"ListItem\",\"position\":3,\"name\":\"D\u0131\u015f Mekan ve Havuzlar\"}]},{\"@type\":\"WebSite\",\"@id\":\"https:\/\/demiroglumarble.com\/tr\/#website\",\"url\":\"https:\/\/demiroglumarble.com\/tr\/\",\"name\":\"Demiro\u011flu Marble | Turkish Natural Stone Sourcing & Export from Bal\u0131kesir\",\"description\":\"\",\"publisher\":{\"@id\":\"https:\/\/demiroglumarble.com\/tr\/#organization\"},\"potentialAction\":[{\"@type\":\"SearchAction\",\"target\":{\"@type\":\"EntryPoint\",\"urlTemplate\":\"https:\/\/demiroglumarble.com\/tr\/?s={search_term_string}\"},\"query-input\":{\"@type\":\"PropertyValueSpecification\",\"valueRequired\":true,\"valueName\":\"search_term_string\"}}],\"inLanguage\":\"tr\"},{\"@type\":\"Organization\",\"@id\":\"https:\/\/demiroglumarble.com\/tr\/#organization\",\"name\":\"Demiro\u011flu Marble | Turkish Natural Stone Sourcing & Export from Bal\u0131kesir\",\"url\":\"https:\/\/demiroglumarble.com\/tr\/\",\"logo\":{\"@type\":\"ImageObject\",\"inLanguage\":\"tr\",\"@id\":\"https:\/\/demiroglumarble.com\/tr\/#\/schema\/logo\/image\/\",\"url\":\"https:\/\/demiroglumarble.com\/wp-content\/uploads\/2025\/12\/logo-demiroglumarble-1.png\",\"contentUrl\":\"https:\/\/demiroglumarble.com\/wp-content\/uploads\/2025\/12\/logo-demiroglumarble-1.png\",\"width\":602,\"height\":456,\"caption\":\"Demiro\u011flu Marble | Turkish Natural Stone Sourcing & Export from Bal\u0131kesir\"},\"image\":{\"@id\":\"https:\/\/demiroglumarble.com\/tr\/#\/schema\/logo\/image\/\"},\"sameAs\":[\"https:\/\/www.instagram.com\/demiroglumarble\"]}]}<\/script>\n<!-- \/ Yoast SEO plugin. -->","yoast_head_json":{"title":"D\u0131\u015f Mekan ve Havuzlar | Demiro\u011flu Mermer | T\u00fcrk Do\u011fal Ta\u015f Tedarik ve \u0130hracat\u0131","robots":{"index":"index","follow":"follow","max-snippet":"max-snippet:-1","max-image-preview":"max-image-preview:large","max-video-preview":"max-video-preview:-1"},"canonical":"https:\/\/demiroglumarble.com\/tr\/uygulamalar-kullanim-alanlari\/dis-mekan-ve-havuzlar\/","og_locale":"tr_TR","og_type":"article","og_title":"D\u0131\u015f Mekan ve Havuzlar | Demiro\u011flu Mermer | T\u00fcrk Do\u011fal Ta\u015f Tedarik ve \u0130hracat\u0131","og_description":"[vc_section css=&#8221;.vc_custom_1767693276649{background-image: url(https:\/\/demiroglumarble.com\/wp-content\/uploads\/2026\/01\/our-process-top-bg-3.jpg?id=5741) !important;background-position: center !important;background-repeat: no-repeat !important;background-size: cover !important;}&#8221;][vc_row css_animation=&#8221;none&#8221; row_content_width=&#8221;grid&#8221;][vc_column css=&#8221;.vc_custom_1767702794400{margin-top: 60px !important;margin-bottom: 40px !important;}&#8221;][vc_column_text css=&#8221;&#8221;] Kaymaz y\u00fczey biti\u015fleri ve hava ko\u015fullar\u0131na dayan\u0131kl\u0131 yo\u011funlu\u011fu, ta\u015f\u0131 d\u0131\u015f mekan peyzajlar\u0131 ve havuz kenarlar\u0131 i\u00e7in ideal bir se\u00e7im haline getirir. [\/vc_column_text][vc_empty_space [&hellip;]","og_url":"https:\/\/demiroglumarble.com\/tr\/uygulamalar-kullanim-alanlari\/dis-mekan-ve-havuzlar\/","og_site_name":"Demiro\u011flu Mermer | T\u00fcrk Do\u011fal Ta\u015f Tedarik ve \u0130hracat\u0131","article_modified_time":"2026-03-26T08:04:04+00:00","twitter_card":"summary_large_image","twitter_misc":{"Tahmini okuma s\u00fcresi":"2 dakika"},"schema":{"@context":"https:\/\/schema.org","@graph":[{"@type":"WebPage","@id":"https:\/\/demiroglumarble.com\/tr\/uygulamalar-kullanim-alanlari\/dis-mekan-ve-havuzlar\/","url":"https:\/\/demiroglumarble.com\/tr\/uygulamalar-kullanim-alanlari\/dis-mekan-ve-havuzlar\/","name":"D\u0131\u015f Mekan ve Havuzlar | Demiro\u011flu Mermer | T\u00fcrk Do\u011fal Ta\u015f Tedarik ve \u0130hracat\u0131","isPartOf":{"@id":"https:\/\/demiroglumarble.com\/tr\/#website"},"datePublished":"2026-01-08T06:38:25+00:00","dateModified":"2026-03-26T08:04:04+00:00","breadcrumb":{"@id":"https:\/\/demiroglumarble.com\/tr\/uygulamalar-kullanim-alanlari\/dis-mekan-ve-havuzlar\/#breadcrumb"},"inLanguage":"tr","potentialAction":[{"@type":"ReadAction","target":["https:\/\/demiroglumarble.com\/tr\/uygulamalar-kullanim-alanlari\/dis-mekan-ve-havuzlar\/"]}]},{"@type":"BreadcrumbList","@id":"https:\/\/demiroglumarble.com\/tr\/uygulamalar-kullanim-alanlari\/dis-mekan-ve-havuzlar\/#breadcrumb","itemListElement":[{"@type":"ListItem","position":1,"name":"Home","item":"https:\/\/demiroglumarble.com\/tr\/"},{"@type":"ListItem","position":2,"name":"UYGULAMALAR \/ KULLANIM ALANLARI","item":"https:\/\/demiroglumarble.com\/tr\/uygulamalar-kullanim-alanlari\/"},{"@type":"ListItem","position":3,"name":"D\u0131\u015f Mekan ve Havuzlar"}]},{"@type":"WebSite","@id":"https:\/\/demiroglumarble.com\/tr\/#website","url":"https:\/\/demiroglumarble.com\/tr\/","name":"Demiro\u011flu Marble | Turkish Natural Stone Sourcing & Export from Bal\u0131kesir","description":"","publisher":{"@id":"https:\/\/demiroglumarble.com\/tr\/#organization"},"potentialAction":[{"@type":"SearchAction","target":{"@type":"EntryPoint","urlTemplate":"https:\/\/demiroglumarble.com\/tr\/?s={search_term_string}"},"query-input":{"@type":"PropertyValueSpecification","valueRequired":true,"valueName":"search_term_string"}}],"inLanguage":"tr"},{"@type":"Organization","@id":"https:\/\/demiroglumarble.com\/tr\/#organization","name":"Demiro\u011flu Marble | Turkish Natural Stone Sourcing & Export from Bal\u0131kesir","url":"https:\/\/demiroglumarble.com\/tr\/","logo":{"@type":"ImageObject","inLanguage":"tr","@id":"https:\/\/demiroglumarble.com\/tr\/#\/schema\/logo\/image\/","url":"https:\/\/demiroglumarble.com\/wp-content\/uploads\/2025\/12\/logo-demiroglumarble-1.png","contentUrl":"https:\/\/demiroglumarble.com\/wp-content\/uploads\/2025\/12\/logo-demiroglumarble-1.png","width":602,"height":456,"caption":"Demiro\u011flu Marble | Turkish Natural Stone Sourcing & Export from Bal\u0131kesir"},"image":{"@id":"https:\/\/demiroglumarble.com\/tr\/#\/schema\/logo\/image\/"},"sameAs":["https:\/\/www.instagram.com\/demiroglumarble"]}]}},"_links":{"self":[{"href":"https:\/\/demiroglumarble.com\/tr\/wp-json\/wp\/v2\/pages\/6339","targetHints":{"allow":["GET"]}}],"collection":[{"href":"https:\/\/demiroglumarble.com\/tr\/wp-json\/wp\/v2\/pages"}],"about":[{"href":"https:\/\/demiroglumarble.com\/tr\/wp-json\/wp\/v2\/types\/page"}],"author":[{"embeddable":true,"href":"https:\/\/demiroglumarble.com\/tr\/wp-json\/wp\/v2\/users\/1"}],"replies":[{"embeddable":true,"href":"https:\/\/demiroglumarble.com\/tr\/wp-json\/wp\/v2\/comments?post=6339"}],"version-history":[{"count":3,"href":"https:\/\/demiroglumarble.com\/tr\/wp-json\/wp\/v2\/pages\/6339\/revisions"}],"predecessor-version":[{"id":6755,"href":"https:\/\/demiroglumarble.com\/tr\/wp-json\/wp\/v2\/pages\/6339\/revisions\/6755"}],"up":[{"embeddable":true,"href":"https:\/\/demiroglumarble.com\/tr\/wp-json\/wp\/v2\/pages\/6316"}],"wp:attachment":[{"href":"https:\/\/demiroglumarble.com\/tr\/wp-json\/wp\/v2\/media?parent=6339"}],"curies":[{"name":"wp","href":"https:\/\/api.w.org\/{rel}","templated":true}]}}